{"id":979,"date":"2023-05-09T17:28:52","date_gmt":"2023-05-09T15:28:52","guid":{"rendered":"http:\/\/hcwo.be\/?page_id=979"},"modified":"2023-05-14T10:01:11","modified_gmt":"2023-05-14T08:01:11","slug":"service-infirmier-verpleegdienst","status":"publish","type":"page","link":"https:\/\/hcwo.be\/?page_id=979","title":{"rendered":"Droeshout Valerie (Service Infirmier &#8211; Verpleegdienst)"},"content":{"rendered":"\n<p><strong>Coordinn\u00e9es Infirmier : <\/strong><br>TEL: 0495613664 <\/p>\n\n\n\n<p><strong>Soins infirmiers : <\/strong><\/p>\n\n\n\n<ul class=\"wp-block-list\">\n<li>Pansements et bandages <\/li>\n\n\n\n<li>Soins et contr\u00f4le des plaies <\/li>\n\n\n\n<li>Soins des stomies <\/li>\n\n\n\n<li>Enl\u00e8vement des fils et agraphes <\/li>\n\n\n\n<li>Injections, etc. <\/li>\n\n\n\n<li>Soins \u00e0 domicile <\/li>\n\n\n\n<li>Soins palliatifs <\/li>\n\n\n\n<li>Soins aux patients diab\u00e9tiques<\/li>\n\n\n\n<li>Prise de sang (SYNLAB) 7H-8H45 et samedi 8H-10H<\/li>\n<\/ul>\n\n\n\n<h3 class=\"wp-block-heading\">Infos pratiques<\/h3>\n\n\n\n<ul class=\"wp-block-list\">\n<li>Public cible:&nbsp;Adultes \/ Seniors<\/li>\n\n\n\n<li>Honoraires:&nbsp;Mutuelle<\/li>\n<\/ul>\n\n\n\n<h3 class=\"wp-block-heading\">Informations g\u00e9n\u00e9rales<\/h3>\n\n\n\n<ul class=\"wp-block-list\">\n<li>Forme juridique: Ind\u00e9pendant<\/li>\n\n\n\n<li>N\u00b0 d&#8217;entreprise: 0461.811.456<\/li>\n\n\n\n<li>N\u00b0 INAMI: 48755762<\/li>\n\n\n\n<li>Conventionn\u00e9&nbsp;<\/li>\n<\/ul>\n","protected":false},"excerpt":{"rendered":"<p>Coordinn\u00e9es Infirmier : TEL: 0495613664 Soins infirmiers : Infos pratiques Informations g\u00e9n\u00e9rales<\/p>\n","protected":false},"author":1,"featured_media":0,"parent":0,"menu_order":0,"comment_status":"closed","ping_status":"closed","template":"","meta":{"_exactmetrics_skip_tracking":false,"_exactmetrics_sitenote_active":false,"_exactmetrics_sitenote_note":"","_exactmetrics_sitenote_category":0,"footnotes":""},"class_list":["post-979","page","type-page","status-publish","hentry"],"aioseo_notices":[],"_links":{"self":[{"href":"https:\/\/hcwo.be\/index.php?rest_route=\/wp\/v2\/pages\/979","targetHints":{"allow":["GET"]}}],"collection":[{"href":"https:\/\/hcwo.be\/index.php?rest_route=\/wp\/v2\/pages"}],"about":[{"href":"https:\/\/hcwo.be\/index.php?rest_route=\/wp\/v2\/types\/page"}],"author":[{"embeddable":true,"href":"https:\/\/hcwo.be\/index.php?rest_route=\/wp\/v2\/users\/1"}],"replies":[{"embeddable":true,"href":"https:\/\/hcwo.be\/index.php?rest_route=%2Fwp%2Fv2%2Fcomments&post=979"}],"version-history":[{"count":7,"href":"https:\/\/hcwo.be\/index.php?rest_route=\/wp\/v2\/pages\/979\/revisions"}],"predecessor-version":[{"id":1003,"href":"https:\/\/hcwo.be\/index.php?rest_route=\/wp\/v2\/pages\/979\/revisions\/1003"}],"wp:attachment":[{"href":"https:\/\/hcwo.be\/index.php?rest_route=%2Fwp%2Fv2%2Fmedia&parent=979"}],"curies":[{"name":"wp","href":"https:\/\/api.w.org\/{rel}","templated":true}]}}