{"id":93,"date":"2017-03-09T15:46:14","date_gmt":"2017-03-09T14:46:14","guid":{"rendered":"http:\/\/hcwo.be\/?page_id=93"},"modified":"2017-03-10T20:55:14","modified_gmt":"2017-03-10T19:55:14","slug":"contact-map","status":"publish","type":"page","link":"https:\/\/hcwo.be\/?page_id=93","title":{"rendered":"Contact &#8211; Map"},"content":{"rendered":"<h3><img loading=\"lazy\" decoding=\"async\" class=\"alignnone wp-image-94\" src=\"http:\/\/hcwo.be\/wp-content\/uploads\/2017\/03\/plan1-298x300.jpg\" alt=\"\" width=\"300\" height=\"302\" srcset=\"https:\/\/hcwo.be\/wp-content\/uploads\/2017\/03\/plan1-298x300.jpg 298w, https:\/\/hcwo.be\/wp-content\/uploads\/2017\/03\/plan1-150x150.jpg 150w, https:\/\/hcwo.be\/wp-content\/uploads\/2017\/03\/plan1.jpg 580w\" sizes=\"auto, (max-width: 300px) 100vw, 300px\" \/><\/h3>\n<h3>Acc\u00e8s en voiture<\/h3>\n<p>A partir du carrefour des &#8220;Quatre Bras&#8221; sur le ring de Bruxelles, prendre la chauss\u00e9e de Malines (N227) en direction de Malines (c\u00f4t\u00e9 gauche) et rouler sur 3 Km dans la commune de <strong>Wezembeek-Oppem<\/strong>.<br \/>\nLe Centre Th\u00e9rapeutique H.C.W.O.\u00a0se trouve \u00e0 c\u00f4t\u00e9 d&#8217;un <strong>Pizza-Hut <\/strong>et du <strong>Basic-Fit<\/strong>, face au Delhaize et au restaurant <strong>My-Tai<\/strong>.<\/p>\n<h3>Acc\u00e8s par les transports en communs<\/h3>\n<h5><img loading=\"lazy\" decoding=\"async\" class=\"alignnone size-medium wp-image-170\" src=\"http:\/\/hcwo.be\/wp-content\/uploads\/2017\/03\/tram39-300x241.jpg\" alt=\"\" width=\"300\" height=\"241\" srcset=\"https:\/\/hcwo.be\/wp-content\/uploads\/2017\/03\/tram39-300x241.jpg 300w, https:\/\/hcwo.be\/wp-content\/uploads\/2017\/03\/tram39.jpg 435w\" sizes=\"auto, (max-width: 300px) 100vw, 300px\" \/><\/h5>\n<p>Tram 39: Montgomery direction BAN-EIK.<br \/>\nArr\u00eat &#8221; Ter Meeren&#8221; (avant-derni\u00e8re arr\u00eat)<\/p>\n<h3>Acc\u00e8s par le bus &#8220;de lijn&#8221; et &#8220;tec&#8221;<\/h3>\n<h5><img loading=\"lazy\" decoding=\"async\" class=\"alignnone size-medium wp-image-96\" src=\"http:\/\/hcwo.be\/wp-content\/uploads\/2017\/03\/hcwo-maps-5-bis-205x300.jpg\" alt=\"\" width=\"205\" height=\"300\" srcset=\"https:\/\/hcwo.be\/wp-content\/uploads\/2017\/03\/hcwo-maps-5-bis-205x300.jpg 205w, https:\/\/hcwo.be\/wp-content\/uploads\/2017\/03\/hcwo-maps-5-bis-768x1126.jpg 768w, https:\/\/hcwo.be\/wp-content\/uploads\/2017\/03\/hcwo-maps-5-bis-698x1024.jpg 698w, https:\/\/hcwo.be\/wp-content\/uploads\/2017\/03\/hcwo-maps-5-bis-720x1056.jpg 720w, https:\/\/hcwo.be\/wp-content\/uploads\/2017\/03\/hcwo-maps-5-bis.jpg 883w\" sizes=\"auto, (max-width: 205px) 100vw, 205px\" \/>\u00a0 \u00a0 \u00a0\u00a0<img loading=\"lazy\" decoding=\"async\" class=\"alignnone size-medium wp-image-95\" src=\"http:\/\/hcwo.be\/wp-content\/uploads\/2017\/03\/hcwo-maps-4-bis-202x300.jpg\" alt=\"\" width=\"202\" height=\"300\" srcset=\"https:\/\/hcwo.be\/wp-content\/uploads\/2017\/03\/hcwo-maps-4-bis-202x300.jpg 202w, https:\/\/hcwo.be\/wp-content\/uploads\/2017\/03\/hcwo-maps-4-bis-768x1143.jpg 768w, https:\/\/hcwo.be\/wp-content\/uploads\/2017\/03\/hcwo-maps-4-bis-688x1024.jpg 688w, https:\/\/hcwo.be\/wp-content\/uploads\/2017\/03\/hcwo-maps-4-bis-720x1071.jpg 720w, https:\/\/hcwo.be\/wp-content\/uploads\/2017\/03\/hcwo-maps-4-bis.jpg 916w\" sizes=\"auto, (max-width: 202px) 100vw, 202px\" \/><\/h5>\n<p>Arr\u00eat &#8220;Vosberg&#8221; (\u00e0 50 m\u00e8tres)<br \/>\nArr\u00eat &#8220;Av. Stijn Streuvels (\u00e0 100 m\u00e8tres)<\/p>\n","protected":false},"excerpt":{"rendered":"<p>Acc\u00e8s en voiture A partir du carrefour des &#8220;Quatre Bras&#8221; sur le ring de Bruxelles, prendre la chauss\u00e9e de Malines (N227) en direction de Malines (c\u00f4t\u00e9 gauche) et rouler sur 3 Km dans la commune de Wezembeek-Oppem. Le Centre Th\u00e9rapeutique&#8230;<\/p>\n","protected":false},"author":1,"featured_media":0,"parent":0,"menu_order":0,"comment_status":"closed","ping_status":"closed","template":"","meta":{"_exactmetrics_skip_tracking":false,"_exactmetrics_sitenote_active":false,"_exactmetrics_sitenote_note":"","_exactmetrics_sitenote_category":0,"footnotes":""},"class_list":["post-93","page","type-page","status-publish","hentry"],"aioseo_notices":[],"_links":{"self":[{"href":"https:\/\/hcwo.be\/index.php?rest_route=\/wp\/v2\/pages\/93","targetHints":{"allow":["GET"]}}],"collection":[{"href":"https:\/\/hcwo.be\/index.php?rest_route=\/wp\/v2\/pages"}],"about":[{"href":"https:\/\/hcwo.be\/index.php?rest_route=\/wp\/v2\/types\/page"}],"author":[{"embeddable":true,"href":"https:\/\/hcwo.be\/index.php?rest_route=\/wp\/v2\/users\/1"}],"replies":[{"embeddable":true,"href":"https:\/\/hcwo.be\/index.php?rest_route=%2Fwp%2Fv2%2Fcomments&post=93"}],"version-history":[{"count":11,"href":"https:\/\/hcwo.be\/index.php?rest_route=\/wp\/v2\/pages\/93\/revisions"}],"predecessor-version":[{"id":228,"href":"https:\/\/hcwo.be\/index.php?rest_route=\/wp\/v2\/pages\/93\/revisions\/228"}],"wp:attachment":[{"href":"https:\/\/hcwo.be\/index.php?rest_route=%2Fwp%2Fv2%2Fmedia&parent=93"}],"curies":[{"name":"wp","href":"https:\/\/api.w.org\/{rel}","templated":true}]}}