{"id":724,"date":"2020-11-28T09:09:18","date_gmt":"2020-11-28T08:09:18","guid":{"rendered":"http:\/\/hcwo.be\/?page_id=724"},"modified":"2021-09-17T15:27:33","modified_gmt":"2021-09-17T13:27:33","slug":"douglas-kerley-osteopathie","status":"publish","type":"page","link":"https:\/\/hcwo.be\/?page_id=724","title":{"rendered":"Kerley Douglas (Osteopathie) &#038; Erpicum Morgane"},"content":{"rendered":"\n<ul class=\"wp-block-list\"><li><strong>Th\u00e9rapie:<\/strong> <strong>Osteopathie<\/strong><\/li><li><strong>Cabinet: Mentha (jeudi)<\/strong><\/li><li><strong>Pr\u00e9sence: Jeudi <\/strong><\/li><li><strong>GSM :\u00a0<\/strong> <strong>+32 474 18 57 40  <\/strong><\/li><li><strong>Email :\u00a0<\/strong><a href=\"mailto:djkerley@icloud.com\"><strong>cliquer ici pour un rendez-vous<\/strong><\/a><\/li><li><strong>Langues : Fr, En<\/strong><\/li><\/ul>\n\n\n\n<p>Douglas Kerley<\/p>\n\n\n\n<p>Specialite: OSTEOPATHE<\/p>\n\n\n\n<p>Patient\u00e8le g\u00e9n\u00e9rale. Sp\u00e9cialisation en\ntraitement et r\u00e9-\u00e9ducation des \u00e9paules ainsi qu\u2019en traitement des femmes\nenceintes, enfants et b\u00e9b\u00e9s.<\/p>\n\n\n\n<p>Consultations&nbsp;;<\/p>\n\n\n\n<p>Le montant d\u2019une s\u00e9ance s\u2019\u00e9l\u00e8ve \u00e0 60 euros.\nLa consultation dure entre 30 et 40 minutes, et comprend une anamn\u00e8se, un\nexamen, un \u00e9change \u00e0 propos du diagnostic pos\u00e9 et du plan de traitement, le\ntraitement ainsi qu\u2019une d\u00e9monstration des exercices et \u00e9tirements \u00e0 faire \u00e0 la\nmaison.<\/p>\n\n\n\n<p>Prise de RDV&nbsp;;<\/p>\n\n\n\n<p>Pour prendre un rendez-vous, merci de me\ncontacter au 0474\/18.57.40. Je ne d\u00e9croche en g\u00e9n\u00e9ral pas le t\u00e9l\u00e9phone&nbsp;;\nmieux vaut m\u2019envoyer un SMS ou Whatsapp et je vous r\u00e9pondrai dans l&#8217;heure pour vous\nproposer un rendez-vous (souvent le jour m\u00eame pour les urgences).<\/p>\n\n\n\n<p>Description&nbsp;;<\/p>\n\n\n\n<p>Dipl\u00f4m\u00e9 d\u2019un Master en Ost\u00e9opathie (Sciences\nHumaines) de l&#8217;Ecole Europ\u00e9enne d&#8217;Ost\u00e9opathie, \u00e0 Maidstone, Royaume-Uni,\nDouglas a suivi en parall\u00e8le trois formations courtes donn\u00e9es par l&#8217;Open\nUniversity (Royaume-Uni) en Orthop\u00e9die, Physiologie &amp; Pharmacocin\u00e9tique Humaine,\nainsi qu\u2019en Histologie pathologique. Il s\u2019est \u00e9galement form\u00e9 pendant deux ans\nen Imagerie Musculo-Squelettique et en Radiologie \u00e0 l&#8217;H\u00f4pital Orthop\u00e9dique National\nRoyal de Stanmore (Royaume-Uni).<\/p>\n\n\n\n<p>Apr\u00e8s avoir obtenu son dipl\u00f4me, lui et son\n\u00e9pouse ont d\u00e9m\u00e9nag\u00e9 en Nouvelle-Z\u00e9lande pour \u00e9toffer leurs comp\u00e9tences au sein\nde la clinique ost\u00e9opathique la plus r\u00e9put\u00e9e en soin des femmes enceintes, des\nenfants et nouveaux-n\u00e9s (et accessoirement explorer ce magnifique pays).<\/p>\n\n\n\n<p>Pouss\u00e9 par une fascination pour le corps\nhumain, Douglas est motiv\u00e9 par la conviction que de nombreux probl\u00e8mes courants\npeuvent \u00eatre r\u00e9solus par une approche holistique &#8211; sans pour autant fuir les\nenseignements de la m\u00e9decine moderne et conventionnelle ni r\u00e9sister aux\nenseignements intuitifs et presque artistiques de l&#8217;ost\u00e9opathie traditionnelle.<\/p>\n\n\n\n<p>Douglas se fait un point d\u2019honneur d\u2019informer\nses patients sur les sympt\u00f4mes et probl\u00e9matiques qu\u2019ils rencontrent afin de\nleur permettre de prendre des d\u00e9cisions \u00e9clair\u00e9es et de d\u00e9mystifier la nature\nde leur douleur et de leur inconfort pour leur permettre une grande autonomie\ndans le processus de gu\u00e9rison. <\/p>\n","protected":false},"excerpt":{"rendered":"<p>Th\u00e9rapie: Osteopathie Cabinet: Mentha (jeudi) Pr\u00e9sence: Jeudi GSM :\u00a0 +32 474 18 57 40 Email :\u00a0cliquer ici pour un rendez-vous Langues : Fr, En Douglas Kerley Specialite: OSTEOPATHE Patient\u00e8le g\u00e9n\u00e9rale. Sp\u00e9cialisation en traitement et r\u00e9-\u00e9ducation des \u00e9paules ainsi qu\u2019en traitement&#8230;<\/p>\n","protected":false},"author":1,"featured_media":0,"parent":0,"menu_order":0,"comment_status":"closed","ping_status":"closed","template":"","meta":{"_exactmetrics_skip_tracking":false,"_exactmetrics_sitenote_active":false,"_exactmetrics_sitenote_note":"","_exactmetrics_sitenote_category":0,"footnotes":""},"class_list":["post-724","page","type-page","status-publish","hentry"],"aioseo_notices":[],"_links":{"self":[{"href":"https:\/\/hcwo.be\/index.php?rest_route=\/wp\/v2\/pages\/724","targetHints":{"allow":["GET"]}}],"collection":[{"href":"https:\/\/hcwo.be\/index.php?rest_route=\/wp\/v2\/pages"}],"about":[{"href":"https:\/\/hcwo.be\/index.php?rest_route=\/wp\/v2\/types\/page"}],"author":[{"embeddable":true,"href":"https:\/\/hcwo.be\/index.php?rest_route=\/wp\/v2\/users\/1"}],"replies":[{"embeddable":true,"href":"https:\/\/hcwo.be\/index.php?rest_route=%2Fwp%2Fv2%2Fcomments&post=724"}],"version-history":[{"count":6,"href":"https:\/\/hcwo.be\/index.php?rest_route=\/wp\/v2\/pages\/724\/revisions"}],"predecessor-version":[{"id":840,"href":"https:\/\/hcwo.be\/index.php?rest_route=\/wp\/v2\/pages\/724\/revisions\/840"}],"wp:attachment":[{"href":"https:\/\/hcwo.be\/index.php?rest_route=%2Fwp%2Fv2%2Fmedia&parent=724"}],"curies":[{"name":"wp","href":"https:\/\/api.w.org\/{rel}","templated":true}]}}