{"id":711,"date":"2020-11-02T16:01:31","date_gmt":"2020-11-02T15:01:31","guid":{"rendered":"http:\/\/hcwo.be\/?page_id=711"},"modified":"2022-11-25T11:52:45","modified_gmt":"2022-11-25T10:52:45","slug":"marcelis-fanny-kinesitherapie","status":"publish","type":"page","link":"https:\/\/hcwo.be\/?page_id=711","title":{"rendered":"Marcelis Fanny (kin\u00e9sith\u00e9rapie)"},"content":{"rendered":"\n<figure class=\"wp-block-image size-large\"><img loading=\"lazy\" decoding=\"async\" width=\"336\" height=\"448\" src=\"http:\/\/hcwo.be\/wp-content\/uploads\/2020\/11\/Marcelis-Fanny-website2.jpg\" alt=\"\" class=\"wp-image-721\" srcset=\"https:\/\/hcwo.be\/wp-content\/uploads\/2020\/11\/Marcelis-Fanny-website2.jpg 336w, https:\/\/hcwo.be\/wp-content\/uploads\/2020\/11\/Marcelis-Fanny-website2-225x300.jpg 225w\" sizes=\"auto, (max-width: 336px) 100vw, 336px\" \/><\/figure>\n\n\n\n<ul class=\"wp-block-list\"><li><strong>Th\u00e9rapie : kin\u00e9sith\u00e9rapie<\/strong><\/li><li><strong>Cabinet\u00a0: Belladonna<\/strong><\/li><li><strong>Pr\u00e9sence :\u00a0lundi, mardi, jeudi, vendredi<\/strong>.<\/li><li><strong>GSM :\u00a00032 488874471<\/strong><\/li><li><strong>Email :\u00a0<a href=\"mailto:marcelis.kine@gmail.com\">cliquer ici pour un rendez-vous<\/a><\/strong><\/li><li><strong>Langues : FR &#8211; ENG<\/strong><\/li><\/ul>\n\n\n\n<p>Dipl\u00f4m\u00e9e en 2020 du Parnasse-Isei, j\u2019ai le plaisir de\ncommencer \u00e0 travailler au centre Health Center Wezembeek-Oppem (H.C.W.O.) \u00e0\npartir du mois de novembre.<\/p>\n\n\n\n<p>Le Parnasse m\u2019a permis d\u2019acqu\u00e9rir une formation solide\nainsi qu\u2019une exp\u00e9rience diversifi\u00e9e. Au cours de ce cursus, j\u2019ai pu d\u00e9velopper\ndes comp\u00e9tences dans diff\u00e9rents domaines&nbsp;:&nbsp;orthop\u00e9die, g\u00e9riatrie,\np\u00e9diatrie, neurologie, kin\u00e9sith\u00e9rapie respiratoire, revalidation\ncardiopulmonaire ainsi que pr\u00e9\/post-natale.<\/p>\n\n\n\n<p>De plus, ayant suivi le Master avec l\u2019option \u00ab&nbsp;lombalgie&nbsp;\u00bb,\nje poss\u00e8de \u00e9galement les bases pratiques et th\u00e9oriques de la&nbsp;<em>th\u00e9rapie\nmanuelle<\/em>&nbsp;et de la m\u00e9thode&nbsp;<em>McKenzie<\/em>.<\/p>\n\n\n\n<p>Je pratique donc la kin\u00e9sith\u00e9rapie g\u00e9n\u00e9rale mais j\u2019ai\n\u00e9galement particip\u00e9 \u00e0 diverses formations qui m\u2019ont permis d\u2019acqu\u00e9rir plus de\nsavoir-faire dans diff\u00e9rents domaines&nbsp;:<\/p>\n\n\n\n<p>&#8211;&nbsp;&nbsp;&nbsp;&nbsp;&nbsp;&nbsp;&nbsp;&nbsp;&nbsp;&nbsp;Crochetage myo-apon\u00e9vrotique&nbsp;<\/p>\n\n\n\n<p>&#8211;&nbsp;&nbsp;&nbsp;&nbsp;&nbsp;&nbsp;&nbsp;&nbsp;&nbsp;&nbsp;\u00ab&nbsp;Abdominaux, arr\u00eatez le massacre&nbsp;!&nbsp;\u00bb&nbsp;\n(gymnastique hypopressive, Bernadette De Gasquet)<\/p>\n\n\n\n<p>&#8211;&nbsp;&nbsp;&nbsp;&nbsp;&nbsp;&nbsp;&nbsp;&nbsp;&nbsp;&nbsp;Principes de yoga dans la gestion des douleurs du\nrachis<\/p>\n\n\n\n<p>&#8211;&nbsp;&nbsp;&nbsp;&nbsp;&nbsp;&nbsp;&nbsp;&nbsp;&nbsp;&nbsp;R\u00e9\u00e9ducation du p\u00e9rin\u00e9e et respiration (approche\nglobale selon la m\u00e9thode des cha\u00eenes musculaires GDS)<\/p>\n\n\n\n<p>&#8211;&nbsp;&nbsp;&nbsp;&nbsp;&nbsp;&nbsp;&nbsp;&nbsp;&nbsp;&nbsp;\u00ab&nbsp;Un nouvel \u00e2ge pour les cartilages&nbsp;\u00bb\n(Apprentissage de moyens permettant de diminuer les contraintes articulaires,\ntout en \u00e9vitant la mise en charge, favorisant la circulation du liquide\nsynovial et facilitant le glissement des cartilages)<\/p>\n\n\n\n<p>Passionn\u00e9e par le corps humain et mon m\u00e9tier, il est\ndonc essentiel pour moi de continuer \u00e0 me former afin de perfectionner petit \u00e0\npetit mes comp\u00e9tences.<\/p>\n\n\n\n<p><\/p>\n","protected":false},"excerpt":{"rendered":"<p>Th\u00e9rapie : kin\u00e9sith\u00e9rapie Cabinet\u00a0: Belladonna Pr\u00e9sence :\u00a0lundi, mardi, jeudi, vendredi. GSM :\u00a00032 488874471 Email :\u00a0cliquer ici pour un rendez-vous Langues : FR &#8211; ENG Dipl\u00f4m\u00e9e en 2020 du Parnasse-Isei, j\u2019ai le plaisir de commencer \u00e0 travailler au centre Health Center&#8230;<\/p>\n","protected":false},"author":1,"featured_media":0,"parent":0,"menu_order":0,"comment_status":"closed","ping_status":"closed","template":"","meta":{"_exactmetrics_skip_tracking":false,"_exactmetrics_sitenote_active":false,"_exactmetrics_sitenote_note":"","_exactmetrics_sitenote_category":0,"footnotes":""},"class_list":["post-711","page","type-page","status-publish","hentry"],"aioseo_notices":[],"_links":{"self":[{"href":"https:\/\/hcwo.be\/index.php?rest_route=\/wp\/v2\/pages\/711","targetHints":{"allow":["GET"]}}],"collection":[{"href":"https:\/\/hcwo.be\/index.php?rest_route=\/wp\/v2\/pages"}],"about":[{"href":"https:\/\/hcwo.be\/index.php?rest_route=\/wp\/v2\/types\/page"}],"author":[{"embeddable":true,"href":"https:\/\/hcwo.be\/index.php?rest_route=\/wp\/v2\/users\/1"}],"replies":[{"embeddable":true,"href":"https:\/\/hcwo.be\/index.php?rest_route=%2Fwp%2Fv2%2Fcomments&post=711"}],"version-history":[{"count":3,"href":"https:\/\/hcwo.be\/index.php?rest_route=\/wp\/v2\/pages\/711\/revisions"}],"predecessor-version":[{"id":904,"href":"https:\/\/hcwo.be\/index.php?rest_route=\/wp\/v2\/pages\/711\/revisions\/904"}],"wp:attachment":[{"href":"https:\/\/hcwo.be\/index.php?rest_route=%2Fwp%2Fv2%2Fmedia&parent=711"}],"curies":[{"name":"wp","href":"https:\/\/api.w.org\/{rel}","templated":true}]}}