{"id":632,"date":"2020-02-13T10:34:06","date_gmt":"2020-02-13T09:34:06","guid":{"rendered":"http:\/\/hcwo.be\/?page_id=632"},"modified":"2026-01-26T10:09:28","modified_gmt":"2026-01-26T09:09:28","slug":"beelen-sandrine-pedicure-medicale","status":"publish","type":"page","link":"https:\/\/hcwo.be\/?page_id=632","title":{"rendered":"Beelen Sandrine (P\u00e9dicure m\u00e9dicale)"},"content":{"rendered":"\n<p><strong>Beelen Sandrine (P\u00e9dicure m\u00e9dicale)<\/strong><\/p>\n\n\n\n<figure class=\"wp-block-image size-large\"><img loading=\"lazy\" decoding=\"async\" width=\"336\" height=\"448\" src=\"http:\/\/hcwo.be\/wp-content\/uploads\/2020\/02\/Photo-Beelen-Sandrine-HCWO.jpg\" alt=\"\" class=\"wp-image-633\" srcset=\"https:\/\/hcwo.be\/wp-content\/uploads\/2020\/02\/Photo-Beelen-Sandrine-HCWO.jpg 336w, https:\/\/hcwo.be\/wp-content\/uploads\/2020\/02\/Photo-Beelen-Sandrine-HCWO-225x300.jpg 225w\" sizes=\"auto, (max-width: 336px) 100vw, 336px\" \/><\/figure>\n\n\n\n<ul class=\"wp-block-list\">\n<li><strong>Pr\u00e9sence :\u00a0lundi, mardi, mercredi, jeudi et vendredi.<\/strong><\/li>\n\n\n\n<li><strong>GSM :\u00a00478822324<\/strong><\/li>\n\n\n\n<li><strong>Email :\u00a0<a href=\"mailto:sandrine.beelen@hotmail.com\">sandrine.beelen@hotmail.com<\/a><\/strong><\/li>\n\n\n\n<li><strong>RDV\/Afspraak: <a href=\"http:\/\/beelen.progenda.be\/\">http:\/\/beelen.progenda.be\/<\/a><\/strong><\/li>\n\n\n\n<li><strong>Langues : Francais<\/strong><\/li>\n<\/ul>\n\n\n\n<p>Dipl\u00f4m\u00e9e en p\u00e9dicure m\u00e9dicale de l\u2019\u00e9cole Europ\u00e9enne, je suis&nbsp;passionn\u00e9e\npar mon m\u00e9tier depuis de nombreuses ann\u00e9es.<\/p>\n\n\n\n<p>La pr\u00e9vention, la d\u00e9tection de probl\u00e8mes \u00e9ventuels et l&#8217;apport de soins\nappropri\u00e9s sont autant de facteurs importants pour garder vos&nbsp;pieds en\nbonne sant\u00e9.<\/p>\n\n\n\n<p>Les soins approfondis des pieds et des ongles&nbsp;contribuent \u00e0&nbsp;un\nsoulagement efficace.<\/p>\n\n\n\n<p>Sont pris en charge les soins et traitements de pathologies du pied tels\nque durillons, cors, ongles incarn\u00e9s, \u0153il-de-perdrix, callosit\u00e9s, mycoses,\npieds diab\u00e9tiques, &#8230;<\/p>\n\n\n\n<p>Prendre soin de ses pieds, c&#8217;est aussi&nbsp;prendre soin de soi!&nbsp;C&#8217;est\ndonc&nbsp;l&#8217;occasion de se d\u00e9tendre et profiter&nbsp;de la s\u00e9ance, d&#8217;autant\nqu&#8217;elle&nbsp;se termine par un petit massage des pieds.<\/p>\n\n\n\n<p>J\u2019accorde une attention toute particuli\u00e8re \u00e0 conserver une hygi\u00e8ne\nirr\u00e9prochable. Le mat\u00e9riel est d\u00e9sinfect\u00e9 et st\u00e9rilis\u00e9 entre chaque patient.<\/p>\n\n\n\n<p>Je vous attends donc de &#8220;pied ferme&#8221;!<\/p>\n\n\n\n<p>Au plaisir de vous rencontrer&#8230;<\/p>\n\n\n\n<p>Site web\u00a0: <a href=\"http:\/\/www.pedicuremedicale-beelen.be\"><a href=\"http:\/\/beelen.progenda.be\/\">http:\/\/beelen.progenda.be\/<\/a><\/a><\/p>\n","protected":false},"excerpt":{"rendered":"<p>Beelen Sandrine (P\u00e9dicure m\u00e9dicale) Dipl\u00f4m\u00e9e en p\u00e9dicure m\u00e9dicale de l\u2019\u00e9cole Europ\u00e9enne, je suis&nbsp;passionn\u00e9e par mon m\u00e9tier depuis de nombreuses ann\u00e9es. La pr\u00e9vention, la d\u00e9tection de probl\u00e8mes \u00e9ventuels et l&#8217;apport de soins appropri\u00e9s sont autant de facteurs importants pour garder vos&nbsp;pieds&#8230;<\/p>\n","protected":false},"author":1,"featured_media":0,"parent":0,"menu_order":0,"comment_status":"closed","ping_status":"closed","template":"","meta":{"_exactmetrics_skip_tracking":false,"_exactmetrics_sitenote_active":false,"_exactmetrics_sitenote_note":"","_exactmetrics_sitenote_category":0,"footnotes":""},"class_list":["post-632","page","type-page","status-publish","hentry"],"aioseo_notices":[],"_links":{"self":[{"href":"https:\/\/hcwo.be\/index.php?rest_route=\/wp\/v2\/pages\/632","targetHints":{"allow":["GET"]}}],"collection":[{"href":"https:\/\/hcwo.be\/index.php?rest_route=\/wp\/v2\/pages"}],"about":[{"href":"https:\/\/hcwo.be\/index.php?rest_route=\/wp\/v2\/types\/page"}],"author":[{"embeddable":true,"href":"https:\/\/hcwo.be\/index.php?rest_route=\/wp\/v2\/users\/1"}],"replies":[{"embeddable":true,"href":"https:\/\/hcwo.be\/index.php?rest_route=%2Fwp%2Fv2%2Fcomments&post=632"}],"version-history":[{"count":7,"href":"https:\/\/hcwo.be\/index.php?rest_route=\/wp\/v2\/pages\/632\/revisions"}],"predecessor-version":[{"id":1225,"href":"https:\/\/hcwo.be\/index.php?rest_route=\/wp\/v2\/pages\/632\/revisions\/1225"}],"wp:attachment":[{"href":"https:\/\/hcwo.be\/index.php?rest_route=%2Fwp%2Fv2%2Fmedia&parent=632"}],"curies":[{"name":"wp","href":"https:\/\/api.w.org\/{rel}","templated":true}]}}