{"id":505,"date":"2019-02-08T15:42:40","date_gmt":"2019-02-08T14:42:40","guid":{"rendered":"http:\/\/hcwo.be\/?page_id=505"},"modified":"2020-11-02T16:00:01","modified_gmt":"2020-11-02T15:00:01","slug":"khalil-annabelle","status":"publish","type":"page","link":"https:\/\/hcwo.be\/?page_id=505","title":{"rendered":"Khalil Annabelle (acupuncture)"},"content":{"rendered":"\n<p><\/p>\n\n\n\n<ul class=\"wp-block-list\"><li><strong>Th\u00e9rapie : Acupuncture\u00a0&#8211;\u00a0Chinese\u00a0Medicine<\/strong><\/li><li><strong>Cabinet\u00a0: Belladonna<\/strong><\/li><li><strong>Pr\u00e9sence :\u00a0Mercredi &#8211; Wednesday\u00a0(from\u00a0april\u00a02019)<\/strong><\/li><li><strong>GSM :\u00a00032 497895669<\/strong><\/li><li><strong>Email :\u00a0<a href=\"mailto:annabelle.khalil@gmail.com\">cliquer ici pour un rendez-vous<\/a><\/strong><\/li><li><strong>Langues : NL &#8211; FR &#8211; ENG<\/strong><\/li><li><strong>Website<\/strong> : <a href=\"http:\/\/www.acubelle.be\">www.acubelle.be<\/a><\/li><\/ul>\n\n\n\n<p><strong>FR:<\/strong> <\/p>\n\n\n\n<p>L&#8217;objectif de\nl\u2019acupuncture n\u2019est pas juste de soigner quelques sympt\u00f4mes, mais bien de\nsoigner la personne dans son ensemble. C\u2019est une approche holistique ax\u00e9e sur\nl\u2019\u00e9quilibre entre les dimensions physiques, \u00e9motionnelles et spirituelles de\nl\u2019individu. L\u2019acupuncture trouve ainsi tout son sens en tant que m\u00e9decine\npr\u00e9ventive mais pas seulement!<\/p>\n\n\n\n<p>En effet, des fines\naiguilles sont appliqu\u00e9es \u00e0 des endroits sp\u00e9cifiques o\u00f9 le flux d\u2019\u00e9nergie ou <em>de chi<\/em> qui traverse le corps peut \u00eatre\naffect\u00e9. Dans certains cas, l\u2019acupuncteur utilise \u00e9galement de la chaleur (<em>voir moxibustion<\/em>) ou un courant\n\u00e9lectrique (<em>voir \u00e9lectro-acupuncture).<\/em><\/p>\n\n\n\n<p>Le recours \u00e0\nl\u2019acupuncture est \u00e9galement pr\u00e9conis\u00e9 de mani\u00e8re curative afin de gu\u00e9rir de\nnombreux troubles tant physiques que psychologiques. En effet, en agissant sur\nnotre syst\u00e8me hormonal, notre syst\u00e8me immunitaire et notre syst\u00e8me nerveux\ncentral, cette approche permet d\u2019am\u00e9liorer notre rapport au stress et de\ntraiter ainsi des troubles psychologiques tels que les crises d\u2019anxi\u00e9t\u00e9 ou la\nd\u00e9pression.<\/p>\n\n\n\n<p>Notre soci\u00e9t\u00e9 occidentale\nnous pousse \u00e0&nbsp; vouloir attribuer un sens\n\u00e0 tout. Nous avons parfois tendance \u00e0 nous poser beaucoup de questions, nous\nvoulons pouvoir tout expliquer \u2026 Par ailleurs, nous vivons dans un\nenvironnement qui nous pousse \u00e0 la comp\u00e9tition et qui nous met &#8220;la\npression&#8221;. Nous devons \u00eatre au top,&nbsp;\nnous am\u00e9liorer, nous sentir important,&nbsp;\nfaire \u201cquelque chose\u201d de notre vie. Nous voulons \u201cservir \u00e0 quelque\nchose\u201d, nous voulons d\u00e9velopper nos talents et tirer le meilleur de nous-m\u00eames.\nLa pression est forte et parfois elle d\u00e9borde.<\/p>\n\n\n\n<p>Je peux vous aider \u00e0 vous\nrecentrer sur vous-m\u00eame sur base des principes holistiques de la\nM\u00e9decine&nbsp;&nbsp;Chinoise Classique. Ensemble, nous cr\u00e9erons votre guide\npersonnel pour une vie plus saine et \u00e9quilibr\u00e9e en tenant compte des\ndiff\u00e9rents&nbsp; aspects de votre vie.<\/p>\n\n\n\n<p>J\u2019ai \u00e9tudi\u00e9\npendant dix ans (Lic. Kin\u00e9sitherapie &amp; Postgraduat Acupuncture) et je\ncontinue sans arr\u00eat \u00e0 me former en suivant des conf\u00e9rences et en participant \u00e0\ndes formations en Belgique ou \u00e0 l\u2019\u00e9tranger. Je poursuis \u00e9galement un travail\npersonnel&nbsp; pour me d\u00e9velopper et grandir.<\/p>\n\n\n\n<p>J\u2019aime la vie\net l\u2019apprentissage continu et suis passionn\u00e9e depuis toujours par cette\nm\u00e9decine ancienne fascinante et c\u2019est avec enthousiasme que je continue \u00e0\n\u00e9tendre mes connaissances personnelles.<\/p>\n\n\n\n<p>Au plaisir de\nvous rencontrer!<\/p>\n\n\n\n<ul class=\"wp-block-list\"><li>&nbsp;Pour&nbsp;les\nprobl\u00e8mes digestifs, les troubles gyn\u00e9cologiques et l&#8217;infertilit\u00e9, la\nm\u00e9nopause, le stress,&nbsp;&nbsp;le burn -out, les migraines, les probl\u00e8mes\npsycho- \u00e9motionnels,&#8230;<\/li><li>&nbsp;pour\nplus d\u2019informations,&nbsp;<a href=\"http:\/\/www.acubelle.be\/\" target=\"_blank\" rel=\"noreferrer noopener\">www.acubelle.be<\/a><\/li><li>&nbsp;<a href=\"https:\/\/www.youtube.com\/watch?v=dhhdmahBQU8\">https:\/\/www.youtube.com\/watch?v=dhhdmahBQU8<\/a><\/li><\/ul>\n\n\n\n<p><strong>ENG:<\/strong><\/p>\n\n\n\n<p>Acupuncture is much more than using needles to treat pain, as we often\nthink in the West. It is a fully balanced health protocol with the intention to\nbalance all the&nbsp;<a href=\"http:\/\/www.acubelle.be\/en\/yin-yang-the-opposite-forces\/\">yin\nand yang&nbsp;<\/a>energy that flows in the body. Since its appearance in China more than\n2500 years ago, acupuncture has been used traditionally to prevent and treat\ndisease, but also to improve general health. Very fine needles are placed at\nspecific points where the energycan be influenced. Sometimes, an acupuncturist\nwill also use additional heat (<em>see\nmoxibustion<\/em>) or electrical stimulation (<em>see\nelectro acupuncture).<\/em><\/p>\n\n\n\n<p>Acupuncture aims not only\nto treat a single symptom, but the person as a whole. It is a holistic approach\nthat strives to restore balance between the physical, emotional and spiritual\ndimensions of the individual. This is one of the reasons why acupuncture is\nmost useful as a preventive medicine.<\/p>\n\n\n\n<p>However, acupuncture could\njust as well be used to cure physiological conditions, as it affects our\nhormonal system, immune system and central nervous system. That is why\nacupuncture can treat a very broad range of health complaints, such as\ndigestion problems, gynecological complaints, conditions of the movement\nsystem, allergies and migraines, to name a few. Acupuncture can also improve\ndealing with stress and psychological complaints such as anxiety attacks or\ndepression.<\/p>\n\n\n\n<p>This is effective for symptoms, such as high blood pressure, insomnia, stress, burn-out, diarrhea, stomach complaints and the consequences of brain infarcts (stroke).<br> Acupuncture helps to activate the immune system and to produce anti-stress hormones, endorphins,&nbsp; and oxytocin. <br> <br>I can help you rediscover your foundations. Based on the holistic principles of Classical Chinese Medicine, together we can create your personal manual for a healthy and balanced life. That means that we take into account all aspects of life.<\/p>\n\n\n\n<p>I have been studying for 10 years (Master in Physiotherapy &amp;\nPostgraduate Acupuncture) and I continue to increase my knowledge and\nspecialization: attending both national and international conferences,\nadditional trainings, but also following education programs to develop myself. <br>\nI am a life-Long learner, I love life and I keep learning eternally, being\ndriven by these ancient fascinating treatments I keep adding to my inner\nlibrary, full of experiences, growth and knowledge.<\/p>\n\n\n\n<ul class=\"wp-block-list\"><li>Stress, Burn-out, Pain, Psycho-emotional disorders,\nDigestive disorders, Menopause, Gynaecological disorders and Infertility (male\nand female)<\/li><\/ul>\n\n\n\n<ul class=\"wp-block-list\"><li>More info on <a href=\"http:\/\/www.acubelle.be\">www.acubelle.be<\/a><\/li><li><a href=\"https:\/\/www.youtube.com\/watch?v=dhhdmahBQU8\">https:\/\/www.youtube.com\/watch?v=dhhdmahBQU8<\/a><\/li><\/ul>\n","protected":false},"excerpt":{"rendered":"<p>Th\u00e9rapie : Acupuncture\u00a0&#8211;\u00a0Chinese\u00a0Medicine Cabinet\u00a0: Belladonna Pr\u00e9sence :\u00a0Mercredi &#8211; Wednesday\u00a0(from\u00a0april\u00a02019) GSM :\u00a00032 497895669 Email :\u00a0cliquer ici pour un rendez-vous Langues : NL &#8211; FR &#8211; ENG Website : www.acubelle.be FR: L&#8217;objectif de l\u2019acupuncture n\u2019est pas juste de soigner quelques sympt\u00f4mes, mais&#8230;<\/p>\n","protected":false},"author":1,"featured_media":0,"parent":0,"menu_order":0,"comment_status":"closed","ping_status":"closed","template":"","meta":{"_exactmetrics_skip_tracking":false,"_exactmetrics_sitenote_active":false,"_exactmetrics_sitenote_note":"","_exactmetrics_sitenote_category":0,"footnotes":""},"class_list":["post-505","page","type-page","status-publish","hentry"],"aioseo_notices":[],"_links":{"self":[{"href":"https:\/\/hcwo.be\/index.php?rest_route=\/wp\/v2\/pages\/505","targetHints":{"allow":["GET"]}}],"collection":[{"href":"https:\/\/hcwo.be\/index.php?rest_route=\/wp\/v2\/pages"}],"about":[{"href":"https:\/\/hcwo.be\/index.php?rest_route=\/wp\/v2\/types\/page"}],"author":[{"embeddable":true,"href":"https:\/\/hcwo.be\/index.php?rest_route=\/wp\/v2\/users\/1"}],"replies":[{"embeddable":true,"href":"https:\/\/hcwo.be\/index.php?rest_route=%2Fwp%2Fv2%2Fcomments&post=505"}],"version-history":[{"count":7,"href":"https:\/\/hcwo.be\/index.php?rest_route=\/wp\/v2\/pages\/505\/revisions"}],"predecessor-version":[{"id":712,"href":"https:\/\/hcwo.be\/index.php?rest_route=\/wp\/v2\/pages\/505\/revisions\/712"}],"wp:attachment":[{"href":"https:\/\/hcwo.be\/index.php?rest_route=%2Fwp%2Fv2%2Fmedia&parent=505"}],"curies":[{"name":"wp","href":"https:\/\/api.w.org\/{rel}","templated":true}]}}