{"id":453,"date":"2018-05-14T14:22:01","date_gmt":"2018-05-14T12:22:01","guid":{"rendered":"http:\/\/hcwo.be\/?page_id=453"},"modified":"2018-05-14T14:24:05","modified_gmt":"2018-05-14T12:24:05","slug":"beaufays-sophie","status":"publish","type":"page","link":"https:\/\/hcwo.be\/?page_id=453","title":{"rendered":"Beaufays Sophie (psychologie)"},"content":{"rendered":"<ul>\n<li><strong>Th\u00e9rapie : Psychologie &#8211; Neurofeedback<\/strong><\/li>\n<li><strong>Cabinet\u00a0: Mentha<\/strong><\/li>\n<li><strong>Pr\u00e9sence :\u00a0Mercredi &#8211; Samedi<\/strong><\/li>\n<li><strong>GSM :\u00a00473526170<\/strong><\/li>\n<li><strong>Email :\u00a0<\/strong><a href=\"mailto:beaufays@abchallenge.com\"><strong>cliquer ici pour un rendez-vous<\/strong><\/a><\/li>\n<li><strong>Langues : Fr<\/strong>\n<div class=\"noop visual-focus-on\" data-reactroot=\"\" data-santa-version=\"1.3599.0\">\n<div id=\"SITE_ROOT\" class=\"SITE_ROOT\">\n<div id=\"masterPage\" data-ref=\"masterPage\">\n<div id=\"PAGES_CONTAINER\" class=\"pc1\" data-state=\"\" data-site-width=\"980\" data-is-mobile=\"false\">\n<div id=\"PAGES_CONTAINERcenteredContent\" class=\"pc1centeredContent\">\n<div id=\"PAGES_CONTAINERinlineContent\" class=\"pc1inlineContent\">\n<div id=\"SITE_PAGES\" class=\"s_VOwPageGroupSkin\">\n<div id=\"ch8k2\" class=\"p1\" data-is-mesh-layout=\"false\" data-ismobile=\"false\">\n<div id=\"ch8k2inlineContent\" class=\"p1inlineContent\">\n<div id=\"comp-jguzyult\" class=\"txtNew\" data-packed=\"true\">\n<p class=\"font_8\">Sophie Beaufays\u00a0est psychologue (Master en Psychologie et Sciences de l&#8217;\u00e9ducation &#8211; l&#8217;UCL en 1995).<br \/>\nElle a \u00e9t\u00e9 form\u00e9e en 2013 au TFH (Touch for Health) \u00e0 l&#8217;<a href=\"http:\/\/ibk.be\/ibk\" target=\"_blank\" rel=\"noopener undefined\" data-type=\"external\" data-content=\"http:\/\/ibk.be\/ibk\">IBK\u00a0(Institut Belge de Kin\u00e9siologie)<\/a><br \/>\nElle est \u00e9galement dipl\u00f4m\u00e9e &#8220;praticienne en Neurofeedback dynamique&#8221; NeurOptimal\u00ae.(Zengar Institute, British Colombia, Canada)<br \/>\nElle est\u00a0psychologue agr\u00e9\u00e9e (\u00a0N\u00b0 d&#8217;agr\u00e9ment: 692218756) par la\u00a0<a href=\"https:\/\/www.compsy.be\/\" target=\"_blank\" rel=\"noopener undefined\" data-type=\"external\" data-content=\"https:\/\/www.compsy.be\/\">Commission des Psychologues<\/a>, ce qui vous permet de b\u00e9n\u00e9ficier de certains remboursements aupr\u00e8s de vos mutuelles et\/ou assurance compl\u00e9mentaire. N\u2019h\u00e9sitez pas \u00e0 leur demander les informations et documents relatifs aux consultations psychologiques et psychoth\u00e9rapeutiques.<br \/>\nSon outil principal est le\u00a0<a href=\"http:\/\/neurofeedback-dynamique-lyon.com\/objectifs\/\" target=\"_blank\" rel=\"noopener undefined\" data-type=\"external\" data-content=\"http:\/\/neurofeedback-dynamique-lyon.com\/objectifs\/\">Neurofeedback dynamique<\/a>\u00a0qui, depuis des ann\u00e9es, fait preuve d\u2019<a href=\"http:\/\/neurofeedback-dynamique-lyon.com\/specialistes\/\" target=\"_blank\" rel=\"noopener undefined\" data-type=\"external\" data-content=\"http:\/\/neurofeedback-dynamique-lyon.com\/specialistes\/\">une remarquable efficacit\u00e9 dans l\u2019accompagnement des personnes en souffrance<\/a>, ainsi que de celles qui souhaitent plus simplement am\u00e9liorer leurs performances (attention, concentration, m\u00e9moire et coordination).<\/p>\n<\/div>\n<div id=\"comp-jgv0a0uy\" class=\"txtNew\" data-packed=\"true\">\n<p class=\"font_4\">Pourquoi du &#8220;neurofeedback&#8221;?<\/p>\n<p class=\"font_4\">Je m&#8217;int\u00e9resse au &#8220;neurofeedback&#8221; depuis tr\u00e8s longtemps. J&#8217;ai \u00e9t\u00e9 de nombreuses fois en contact, de pr\u00e8s ou de loin, professionnellement ou dans mes relations priv\u00e9es \u00e0 la d\u00e9tresse des enfants qui souffrent du\u00a0TDAH\u00a0(Trouble du d\u00e9ficit de l&#8217;attention avec hyperactivit\u00e9), et c&#8217;est dans ce cadre que j&#8217;ai toujours gard\u00e9 un \u0153il sur les avanc\u00e9es extraordinaires dans le domaine des neurosciences et de ses applications. Il m&#8217;est apparu de plus en plus clair qu&#8217;\u00e0 c\u00f4t\u00e9 du traitement m\u00e9dicamenteux (Rilatine\u00ae, \u00a0Concerta\u00ae,\u2026) qui est plut\u00f4t symptomatique (il ne soigne pas mais agit sur les sympt\u00f4mes) et certaines th\u00e9rapies dites &#8220;alternatives&#8221; (des r\u00e9gimes, des psychoth\u00e9rapies, etc), la m\u00e9thode la plus prometteuse et la moins invasive se trouvait dans le neurofeedback.<br \/>\nAussi longtemps que les m\u00e9thodes de neurofeedback \u00e9taient\u00a0lin\u00e9aires, et consistaient en une technique de conditionnement op\u00e9rant ou de stimulations induites de l\u2019ext\u00e9rieure, tentant de &#8216;corriger&#8217; l\u2019activit\u00e9 c\u00e9r\u00e9brale d\u2019un individu singulier en fonction de l\u2019activit\u00e9 c\u00e9r\u00e9brale d\u2019une \u00ab norme \u00bb de r\u00e9f\u00e9rence, je suis rest\u00e9e une peu dubitative malgr\u00e9 <a href=\"https:\/\/www.sophiebeaufays.com\/recherches\" target=\"_self\">les \u00e9tudes et recherches publi\u00e9es qui d\u00e9montraient l&#8217;efficacit\u00e9 du neurofeedback<\/a>. De plus, encore jusqu&#8217;il y a peu, ces technologies avanc\u00e9es n\u00e9cessitaient non seulement l&#8217;utilisation d&#8217;ordinateurs assez puissants (et donc encombrants) pour pouvoir traduire l&#8217;activit\u00e9 c\u00e9r\u00e9brales en images et en sons, mais aussi de neurologues avertis et exp\u00e9riment\u00e9s pour manipuler ces neurotechnologies aux effets secondaires trop souvent impr\u00e9visibles.<\/p>\n<p>L&#8217;institut Zengar\u00a0est mondialement reconnu dans le domaine du neurofeedback et a mis au point un syst\u00e8me (NeurOptimal) qui consiste en un EEG (\u00e9lectroenc\u00e9phalogramme) reli\u00e9 \u00e0 un ordinateur qui renvoi simplement \u00e0 l&#8217;utilisateur, via le son et l&#8217;image, des informations pr\u00e9cises sur son activit\u00e9 c\u00e9r\u00e9brale.<br \/>\nLe cerveau \u00e9tant dou\u00e9 de la capacit\u00e9 de s&#8217;autor\u00e9parer (on appelle cela la plasticit\u00e9 c\u00e9r\u00e9brale), il s&#8217;autor\u00e9gule petit \u00e0 petit \u00e0 son rythme, et s&#8217;en suit une am\u00e9lioration tr\u00e8s nette, voire une disparition totale, d&#8217;un tr\u00e8s large spectre de sympt\u00f4mes li\u00e9s au syst\u00e8me nerveux central, y compris le TDAH qui est bien un trouble d\u2019origine neurologique.<\/p>\n<p>L&#8217;int\u00e9r\u00eat de cette m\u00e9thode NeurOptimal c&#8217;est d&#8217;abord le fait que l&#8217;on\u00a0se r\u00e9pare soi-m\u00eame\u00a0juste parce qu&#8217;on nous fournit une information qu&#8217;autrement nous n&#8217;aurions pas. Un peu comme lorsque vous \u00eates distrait en conduisant sur l&#8217;autoroute parce que vous r\u00e9glez votre radio ou jetez un \u0153il sur votre GSM&#8230; Si vos roues touchent la ligne de s\u00e9paration entre la route et la bande d&#8217;urgence, un bruit assez stressant retentit et il ne faut qu\u2019une milliseconde pour r\u00e9agir et corriger la trajectoire. Vous pouvez imaginer que cette id\u00e9e, simple mais g\u00e9niale, a sauv\u00e9 de tr\u00e8s nombreuses vies sur nos autoroutes!<\/p>\n<p>Parler au cerveau le langage du cerveau<br \/>\nLe neurofeedback devient dynamique , il n&#8217;est plus lin\u00e9aire. \u00a0On capte l\u2019ensemble des ondes c\u00e9r\u00e9brales 256 fois par seconde et on renvoie cette information simultan\u00e9ment au cerveau. \u00a0Et c\u2019est aussi simultan\u00e9ment que le cerveau s\u2019autor\u00e9gule, non pas parce qu\u2019on induit cela par une stimulation ou une r\u00e9compense, mais simplement parce que le syst\u00e8me NeurOptimal\u00ae transmet au cerveau une information sur lui-m\u00eame et dans son langage. Le cerveau n\u2019est pas amen\u00e9 (induit) \u00e0 se corriger en fonction d\u2019une norme de r\u00e9f\u00e9rence. \u00a0Il s\u2019autor\u00e9gule en fonction de ses besoins et de sa propre empreinte. C\u2019est pour cela qu\u2019on qualifie ce neurofeedback de \u00ab dynamique \u00bb.<\/p>\n<p>Enfin faire appel et faire confiance aux dons naturels d\u2019autogu\u00e9rison du cerveau, c\u2019est \u00e7a qui est r\u00e9volutionnaire !<br \/>\nA pr\u00e9sent que l\u2019institut Zengar a produit un syst\u00e8me plus convivial, plus transportable (ordinateurs portables et tablettes) et plus abordable pour ses utilisateurs, j\u2019ai d\u00e9cid\u00e9 d\u2019investir dans une formation, puis d\u2019importer un syst\u00e8me du Canada.<br \/>\nJe suis depuis, chaque jour, surprise par les r\u00e9sultats formidables t\u00e9moign\u00e9s par les utilisateurs\u2026<\/p>\n<p>Dans les pages de ce site, vous trouverez plus d\u2019explications sur le neurofeedback dynamique et la m\u00e9thode NeurOptimal\u00ae, dans quels cas elle s\u2019est d\u00e9j\u00e0 montr\u00e9e efficace, et comment fonctionne en pratique une s\u00e9ance. \u00a0vous trouverez \u00e9galement des liens vers des publications, \u00e9tudes, recherches, ouvrages.<\/p>\n<p>Appelez-moi sans h\u00e9sitation si vous avez des questions, cela n\u2019engage \u00e0 rien.<\/p>\n<p>(\u00a0<a href=\"https:\/\/www.sophiebeaufays.com\">www.sophiebeaufays.com<\/a> )<\/p>\n<\/div>\n<\/div>\n<\/div>\n<\/div>\n<\/div>\n<\/div>\n<\/div>\n<\/div>\n<\/div>\n<\/div>\n<\/li>\n<\/ul>\n","protected":false},"excerpt":{"rendered":"<p>Th\u00e9rapie : Psychologie &#8211; Neurofeedback Cabinet\u00a0: Mentha Pr\u00e9sence :\u00a0Mercredi &#8211; Samedi GSM :\u00a00473526170 Email :\u00a0cliquer ici pour un rendez-vous Langues : Fr Sophie Beaufays\u00a0est psychologue (Master en Psychologie et Sciences de l&#8217;\u00e9ducation &#8211; l&#8217;UCL en 1995). Elle a \u00e9t\u00e9 form\u00e9e&#8230;<\/p>\n","protected":false},"author":1,"featured_media":0,"parent":0,"menu_order":0,"comment_status":"closed","ping_status":"closed","template":"","meta":{"_exactmetrics_skip_tracking":false,"_exactmetrics_sitenote_active":false,"_exactmetrics_sitenote_note":"","_exactmetrics_sitenote_category":0,"footnotes":""},"class_list":["post-453","page","type-page","status-publish","hentry"],"aioseo_notices":[],"_links":{"self":[{"href":"https:\/\/hcwo.be\/index.php?rest_route=\/wp\/v2\/pages\/453","targetHints":{"allow":["GET"]}}],"collection":[{"href":"https:\/\/hcwo.be\/index.php?rest_route=\/wp\/v2\/pages"}],"about":[{"href":"https:\/\/hcwo.be\/index.php?rest_route=\/wp\/v2\/types\/page"}],"author":[{"embeddable":true,"href":"https:\/\/hcwo.be\/index.php?rest_route=\/wp\/v2\/users\/1"}],"replies":[{"embeddable":true,"href":"https:\/\/hcwo.be\/index.php?rest_route=%2Fwp%2Fv2%2Fcomments&post=453"}],"version-history":[{"count":5,"href":"https:\/\/hcwo.be\/index.php?rest_route=\/wp\/v2\/pages\/453\/revisions"}],"predecessor-version":[{"id":573,"href":"https:\/\/hcwo.be\/index.php?rest_route=\/wp\/v2\/pages\/453\/revisions\/573"}],"wp:attachment":[{"href":"https:\/\/hcwo.be\/index.php?rest_route=%2Fwp%2Fv2%2Fmedia&parent=453"}],"curies":[{"name":"wp","href":"https:\/\/api.w.org\/{rel}","templated":true}]}}