{"id":435,"date":"2018-01-02T13:24:46","date_gmt":"2018-01-02T12:24:46","guid":{"rendered":"http:\/\/hcwo.be\/?page_id=435"},"modified":"2024-01-17T14:47:57","modified_gmt":"2024-01-17T13:47:57","slug":"valerie-psychologue-et-psychotherapeute","status":"publish","type":"page","link":"https:\/\/hcwo.be\/?page_id=435","title":{"rendered":"Wattiez Val\u00e9rie (Psychologue &#8211; psychoth\u00e9rapeute)"},"content":{"rendered":"<p><img loading=\"lazy\" decoding=\"async\" class=\"size-full wp-image-788 aligncenter\" src=\"http:\/\/hcwo.be\/wp-content\/uploads\/2020\/12\/wattiez-valerie.jpg\" alt=\"\" width=\"172\" height=\"230\" \/><\/p>\n<ul>\n<li><strong>Th\u00e9rapie : Soutien psychologique, psychoth\u00e9rapie<\/strong><\/li>\n<li><strong>Cabinet : Mentha<\/strong><\/li>\n<li><strong>Pr\u00e9sence : jeudi + vendredi<\/strong><\/li>\n<li><strong>GSM : 0496\/270078<\/strong><\/li>\n<li><strong>Email : <\/strong><strong><a tabindex=\"-1\" href=\"mailto:valeriewattiez@yahoo.fr\" target=\"_blank\" rel=\"noopener\">valeriewattiez@yahoo.fr<\/a><\/strong><\/li>\n<li><strong>Langues : Fr<\/strong><\/li>\n<\/ul>\n<p>Psychologue (UCL) et psychoth\u00e9rapeute (IFISAM), je propose des entretiens aux adultes et jeunes adultes dans un climat bienveillant, d\u00e9nu\u00e9 de jugement o\u00f9 les difficult\u00e9s peuvent \u00eatre abord\u00e9es en confiance et en s\u00e9curit\u00e9.<br \/>\nIl n\u2019y a pas de demande type pour se d\u00e9cider \u00e0 consulter un psychologue et les situations sont tr\u00e8s vari\u00e9es\u00a0:<\/p>\n<ul>\n<li>Difficult\u00e9s relationnelles et familiales<\/li>\n<li>Difficult\u00e9s professionnelles: stress, harc\u00e8lement, burnout<\/li>\n<li>D\u00e9pression<\/li>\n<li>Angoisse et anxi\u00e9t\u00e9<\/li>\n<li>Deuils et pertes<\/li>\n<li>Remise en question<\/li>\n<li>Manque de confiance en soi, en l&#8217;autre\u2026<\/li>\n<\/ul>\n<p>C\u2019est habituellement un sentiment de malaise, de mal-\u00eatre, de souffrance qui justifie le premier rendez-vous. Les premi\u00e8res s\u00e9ances permettent de faire connaissance et de pr\u00e9ciser la difficult\u00e9 afin d\u2019adapter l\u2019accompagnement. Dur\u00e9e de la th\u00e9rapie, fr\u00e9quence des s\u00e9ances, soutien ponctuel ou travail d\u2019introspection seront fonction de la personne, de sa difficult\u00e9 et du travail qu\u2019elle souhaite entreprendre.<\/p>\n<p>Mon travail en institution psychiatrique me permet par ailleurs de r\u00e9pondre \u00e0 des demandes plus sp\u00e9cifiques concernant <u>la d\u00e9pendance \u00e0 l\u2019alcool\u00a0et\/ou aux drogues<\/u>, <u>les troubles bipolaires<\/u> et <u>psychotiques<\/u>.<\/p>\n<p>Mon inscription \u00e0 la commission des psychologues vous permet de b\u00e9n\u00e9ficier de certains remboursements aupr\u00e8s de vos mutuelles et\/ou assurance compl\u00e9mentaire.<br \/>\nJe suis \u00e9galement agr\u00e9\u00e9e pour le remboursement des consultations par les assurances de soins de sant\u00e9 de la Commission Europ\u00e9enne et autres institutions internationales comme l\u2019OTAN.<br \/>\nN\u2019h\u00e9sitez pas \u00e0 leur demander les informations et documents relatifs aux consultations psychologiques et psychoth\u00e9rapeutiques.<\/p>\n","protected":false},"excerpt":{"rendered":"<p>Th\u00e9rapie : Soutien psychologique, psychoth\u00e9rapie Cabinet : Mentha Pr\u00e9sence : jeudi + vendredi GSM : 0496\/270078 Email : valeriewattiez@yahoo.fr Langues : Fr Psychologue (UCL) et psychoth\u00e9rapeute (IFISAM), je propose des entretiens aux adultes et jeunes adultes dans un climat bienveillant,&#8230;<\/p>\n","protected":false},"author":1,"featured_media":0,"parent":0,"menu_order":0,"comment_status":"closed","ping_status":"closed","template":"","meta":{"_exactmetrics_skip_tracking":false,"_exactmetrics_sitenote_active":false,"_exactmetrics_sitenote_note":"","_exactmetrics_sitenote_category":0,"footnotes":""},"class_list":["post-435","page","type-page","status-publish","hentry"],"aioseo_notices":[],"_links":{"self":[{"href":"https:\/\/hcwo.be\/index.php?rest_route=\/wp\/v2\/pages\/435","targetHints":{"allow":["GET"]}}],"collection":[{"href":"https:\/\/hcwo.be\/index.php?rest_route=\/wp\/v2\/pages"}],"about":[{"href":"https:\/\/hcwo.be\/index.php?rest_route=\/wp\/v2\/types\/page"}],"author":[{"embeddable":true,"href":"https:\/\/hcwo.be\/index.php?rest_route=\/wp\/v2\/users\/1"}],"replies":[{"embeddable":true,"href":"https:\/\/hcwo.be\/index.php?rest_route=%2Fwp%2Fv2%2Fcomments&post=435"}],"version-history":[{"count":12,"href":"https:\/\/hcwo.be\/index.php?rest_route=\/wp\/v2\/pages\/435\/revisions"}],"predecessor-version":[{"id":1077,"href":"https:\/\/hcwo.be\/index.php?rest_route=\/wp\/v2\/pages\/435\/revisions\/1077"}],"wp:attachment":[{"href":"https:\/\/hcwo.be\/index.php?rest_route=%2Fwp%2Fv2%2Fmedia&parent=435"}],"curies":[{"name":"wp","href":"https:\/\/api.w.org\/{rel}","templated":true}]}}