{"id":353,"date":"2017-06-19T15:11:41","date_gmt":"2017-06-19T13:11:41","guid":{"rendered":"http:\/\/hcwo.be\/?page_id=353"},"modified":"2021-03-23T13:43:47","modified_gmt":"2021-03-23T12:43:47","slug":"de-plaen-colienne","status":"publish","type":"page","link":"https:\/\/hcwo.be\/?page_id=353","title":{"rendered":"De Plaen Colienne (psychologie)"},"content":{"rendered":"<ul>\n<li><strong>Th\u00e9rapie : Psychologie &#8211; Kin\u00e9siologie &#8211; Reiki<\/strong><\/li>\n<li><strong>Cabinet\u00a0: Lavendula<\/strong><\/li>\n<li><strong>Pr\u00e9sence : Mardi, Mercredi, Jeudi et Vendredi<\/strong><\/li>\n<li><strong>GSM :\u00a00479058503<\/strong><\/li>\n<li><strong>Email :\u00a0<\/strong><a href=\"mailto:c.deplaen@gmail.com\"><strong>cliquer ici pour un rendez-vous<\/strong><\/a><\/li>\n<li><strong><strong><strong>Langues : Fr \/ En<br \/>\n<\/strong><\/strong><\/strong>Colienne De Plaen est psychologue, kin\u00e9siologue et th\u00e9rapeute reiki. Passionn\u00e9e par l\u2019\u00eatre humain et sa complexit\u00e9, je suis convaincue que nous disposons tous d\u2019un potentiel inn\u00e9 nous permettant de donner du sens \u00e0 l\u2019existence, d\u2019atteindre nos objectifs, de traverser les \u00e9preuves de la vie et de s\u2019\u00e9panouir.Dans un <strong>cadre psychologique<\/strong>, \u00e0 l\u2019\u00e9coute de votre parcours et de votre demande, J\u2019utilise la kin\u00e9siologie, qui est une merveilleuse m\u00e9thode pour lib\u00e9rer les blocages \u00e9motionnels (stress), apprendre \u00e0 mieux se conna\u00eetre, \u00e0 poser des actes qui ont du sens et \u00e0 vivre sereinement.<strong>La kin\u00e9siologie<\/strong> s\u2019adresse \u00e0 tout un chacun (b\u00e9b\u00e9s, enfants, adultes, personnes \u00e2g\u00e9es). Elle permet de d\u00e9passer de nombreux troubles tels que\u00a0les difficult\u00e9s d\u2019apprentissage, les troubles du comportement et du d\u00e9veloppement. Elle apprend \u00e0 mieux g\u00e9rer ses \u00e9motions\u00a0; donne des moyens pour se reconstruire suite \u00e0 une \u00e9preuve de vie telle qu\u2019un deuil, un burnout ou une s\u00e9paration. Elle aide \u00e0 se lib\u00e9rer de ses peurs et de ses angoisses, d\u00e9veloppe la confiance en soi et optimalise les relations.<\/p>\n<p><strong>Le reiki<\/strong> procure un sentiment de relaxation intense. Par ce biais et par la r\u00e9-\u00e9quilibration de l\u2019\u00e9nergie du corps, cette pratique am\u00e8ne \u00e0 plus de conscience de soi et de son corps, diminue le stress et l\u2019anxi\u00e9t\u00e9 et aide \u00e0 un meilleur fonctionnement physiologique et psychologique\u00a0; le tout \u00e9tant li\u00e9.<\/p>\n<p><a href=\"http:\/\/www.coliennedeplaen.com\">www.coliennedeplaen.com<\/a><\/li>\n<\/ul>\n","protected":false},"excerpt":{"rendered":"<p>Th\u00e9rapie : Psychologie &#8211; Kin\u00e9siologie &#8211; Reiki Cabinet\u00a0: Lavendula Pr\u00e9sence : Mardi, Mercredi, Jeudi et Vendredi GSM :\u00a00479058503 Email :\u00a0cliquer ici pour un rendez-vous Langues : Fr \/ En Colienne De Plaen est psychologue, kin\u00e9siologue et th\u00e9rapeute reiki. Passionn\u00e9e par&#8230;<\/p>\n","protected":false},"author":1,"featured_media":0,"parent":0,"menu_order":0,"comment_status":"closed","ping_status":"closed","template":"","meta":{"_exactmetrics_skip_tracking":false,"_exactmetrics_sitenote_active":false,"_exactmetrics_sitenote_note":"","_exactmetrics_sitenote_category":0,"footnotes":""},"class_list":["post-353","page","type-page","status-publish","hentry"],"aioseo_notices":[],"_links":{"self":[{"href":"https:\/\/hcwo.be\/index.php?rest_route=\/wp\/v2\/pages\/353","targetHints":{"allow":["GET"]}}],"collection":[{"href":"https:\/\/hcwo.be\/index.php?rest_route=\/wp\/v2\/pages"}],"about":[{"href":"https:\/\/hcwo.be\/index.php?rest_route=\/wp\/v2\/types\/page"}],"author":[{"embeddable":true,"href":"https:\/\/hcwo.be\/index.php?rest_route=\/wp\/v2\/users\/1"}],"replies":[{"embeddable":true,"href":"https:\/\/hcwo.be\/index.php?rest_route=%2Fwp%2Fv2%2Fcomments&post=353"}],"version-history":[{"count":7,"href":"https:\/\/hcwo.be\/index.php?rest_route=\/wp\/v2\/pages\/353\/revisions"}],"predecessor-version":[{"id":824,"href":"https:\/\/hcwo.be\/index.php?rest_route=\/wp\/v2\/pages\/353\/revisions\/824"}],"wp:attachment":[{"href":"https:\/\/hcwo.be\/index.php?rest_route=%2Fwp%2Fv2%2Fmedia&parent=353"}],"curies":[{"name":"wp","href":"https:\/\/api.w.org\/{rel}","templated":true}]}}