{"id":234,"date":"2017-03-10T21:04:55","date_gmt":"2017-03-10T20:04:55","guid":{"rendered":"http:\/\/hcwo.be\/?page_id=234"},"modified":"2022-11-25T12:01:28","modified_gmt":"2022-11-25T11:01:28","slug":"de-villenfagne-savina-logopedie","status":"publish","type":"page","link":"https:\/\/hcwo.be\/?page_id=234","title":{"rendered":"de villenfagne Savina (Logop\u00e9die)"},"content":{"rendered":"<ul>\n<li><strong>Th\u00e9rapie :\u00a0<\/strong><strong>logop\u00e8de<\/strong><\/li>\n<li><strong>Cabinet : passiflora<\/strong><\/li>\n<li><strong>Pr\u00e9sence : mardi, mercredi, vendredi (8h \u00e0 18h)<\/strong><\/li>\n<li><strong>Gsm\u00a0: 0477227305<\/strong><\/li>\n<li><strong>Email : <a href=\"savdevillenfagne@hotmail.com\" target=\"_blank\" rel=\"noopener\">savdevillenfagne@hotmail.com<\/a><\/strong><\/li>\n<li><strong>Langues\u00a0: Fr, Nl<\/strong><\/li>\n<\/ul>\n<p>Specialization: oral language, dysphasia, parental guidance and early intervention, language stimulation in young children with disabilities or not, bilingualism (French school children followed in Dutch or immersion school) and working method for teenagers<\/p>\n","protected":false},"excerpt":{"rendered":"<p>Th\u00e9rapie :\u00a0logop\u00e8de Cabinet : passiflora Pr\u00e9sence : mardi, mercredi, vendredi (8h \u00e0 18h) Gsm\u00a0: 0477227305 Email : savdevillenfagne@hotmail.com Langues\u00a0: Fr, Nl Specialization: oral language, dysphasia, parental guidance and early intervention, language stimulation in young children with disabilities or not, bilingualism&#8230;<\/p>\n","protected":false},"author":1,"featured_media":0,"parent":0,"menu_order":0,"comment_status":"closed","ping_status":"closed","template":"","meta":{"_exactmetrics_skip_tracking":false,"_exactmetrics_sitenote_active":false,"_exactmetrics_sitenote_note":"","_exactmetrics_sitenote_category":0,"footnotes":""},"class_list":["post-234","page","type-page","status-publish","hentry"],"aioseo_notices":[],"_links":{"self":[{"href":"https:\/\/hcwo.be\/index.php?rest_route=\/wp\/v2\/pages\/234","targetHints":{"allow":["GET"]}}],"collection":[{"href":"https:\/\/hcwo.be\/index.php?rest_route=\/wp\/v2\/pages"}],"about":[{"href":"https:\/\/hcwo.be\/index.php?rest_route=\/wp\/v2\/types\/page"}],"author":[{"embeddable":true,"href":"https:\/\/hcwo.be\/index.php?rest_route=\/wp\/v2\/users\/1"}],"replies":[{"embeddable":true,"href":"https:\/\/hcwo.be\/index.php?rest_route=%2Fwp%2Fv2%2Fcomments&post=234"}],"version-history":[{"count":4,"href":"https:\/\/hcwo.be\/index.php?rest_route=\/wp\/v2\/pages\/234\/revisions"}],"predecessor-version":[{"id":911,"href":"https:\/\/hcwo.be\/index.php?rest_route=\/wp\/v2\/pages\/234\/revisions\/911"}],"wp:attachment":[{"href":"https:\/\/hcwo.be\/index.php?rest_route=%2Fwp%2Fv2%2Fmedia&parent=234"}],"curies":[{"name":"wp","href":"https:\/\/api.w.org\/{rel}","templated":true}]}}