{"id":160,"date":"2017-03-10T17:31:22","date_gmt":"2017-03-10T16:31:22","guid":{"rendered":"http:\/\/hcwo.be\/?page_id=160"},"modified":"2025-09-23T17:26:44","modified_gmt":"2025-09-23T15:26:44","slug":"acceuil","status":"publish","type":"page","link":"https:\/\/hcwo.be\/","title":{"rendered":"Accueil"},"content":{"rendered":"\n<figure class=\"wp-block-image size-large\"><img loading=\"lazy\" decoding=\"async\" width=\"864\" height=\"576\" src=\"http:\/\/hcwo.be\/wp-content\/uploads\/2021\/09\/Apotheek-2021-met-robot-5-bis.jpg\" alt=\"\" class=\"wp-image-859\" srcset=\"https:\/\/hcwo.be\/wp-content\/uploads\/2021\/09\/Apotheek-2021-met-robot-5-bis.jpg 864w, https:\/\/hcwo.be\/wp-content\/uploads\/2021\/09\/Apotheek-2021-met-robot-5-bis-300x200.jpg 300w, https:\/\/hcwo.be\/wp-content\/uploads\/2021\/09\/Apotheek-2021-met-robot-5-bis-768x512.jpg 768w, https:\/\/hcwo.be\/wp-content\/uploads\/2021\/09\/Apotheek-2021-met-robot-5-bis-720x480.jpg 720w\" sizes=\"auto, (max-width: 864px) 100vw, 864px\" \/><\/figure>\n\n\n\n<figure class=\"wp-block-image size-full\"><img loading=\"lazy\" decoding=\"async\" width=\"1052\" height=\"710\" src=\"http:\/\/hcwo.be\/wp-content\/uploads\/2025\/09\/HCWO-ENTREE-PORTE-2025-10.jpg\" alt=\"\" class=\"wp-image-1210\" srcset=\"https:\/\/hcwo.be\/wp-content\/uploads\/2025\/09\/HCWO-ENTREE-PORTE-2025-10.jpg 1052w, https:\/\/hcwo.be\/wp-content\/uploads\/2025\/09\/HCWO-ENTREE-PORTE-2025-10-300x202.jpg 300w, https:\/\/hcwo.be\/wp-content\/uploads\/2025\/09\/HCWO-ENTREE-PORTE-2025-10-1024x691.jpg 1024w, https:\/\/hcwo.be\/wp-content\/uploads\/2025\/09\/HCWO-ENTREE-PORTE-2025-10-768x518.jpg 768w, https:\/\/hcwo.be\/wp-content\/uploads\/2025\/09\/HCWO-ENTREE-PORTE-2025-10-720x486.jpg 720w\" sizes=\"auto, (max-width: 1052px) 100vw, 1052px\" \/><\/figure>\n\n\n\n<figure class=\"wp-block-image size-large\"><img loading=\"lazy\" decoding=\"async\" width=\"1024\" height=\"683\" src=\"http:\/\/hcwo.be\/wp-content\/uploads\/2021\/09\/Apotheek-2021-met-robot-5tris-1-1024x683.jpg\" alt=\"\" class=\"wp-image-861\" srcset=\"https:\/\/hcwo.be\/wp-content\/uploads\/2021\/09\/Apotheek-2021-met-robot-5tris-1-1024x683.jpg 1024w, https:\/\/hcwo.be\/wp-content\/uploads\/2021\/09\/Apotheek-2021-met-robot-5tris-1-300x200.jpg 300w, https:\/\/hcwo.be\/wp-content\/uploads\/2021\/09\/Apotheek-2021-met-robot-5tris-1-768x512.jpg 768w, https:\/\/hcwo.be\/wp-content\/uploads\/2021\/09\/Apotheek-2021-met-robot-5tris-1-720x480.jpg 720w, https:\/\/hcwo.be\/wp-content\/uploads\/2021\/09\/Apotheek-2021-met-robot-5tris-1.jpg 1472w\" sizes=\"auto, (max-width: 1024px) 100vw, 1024px\" \/><\/figure>\n\n\n<h5>&nbsp;<\/h5>\n<ul>\n<li><strong>HCWO (Health-Center-Wezembeek-Oppem):<\/strong><\/li>\n<li><a title=\"Droeshout Valerie (Service Infirmier \u2013 Verpleegdienst)\" href=\"http:\/\/hcwo.be\/?page_id=979\" target=\"_blank\" rel=\"noopener\"><strong>SERVICE INFIRMIER\/VERPLEEGDIENST: cliquez ici<\/strong><\/a><\/li>\n<li><span style=\"color: #003366;\"><a style=\"color: #003366;\" href=\"http:\/\/hcwo.be\/?page_id=121\"><span style=\"color: #ff0000;\"><strong>PRISE DE SANG: cliquez ici<\/strong><\/span><\/a><\/span><\/li>\n<li><strong><span style=\"color: #003366;\"><a style=\"color: #003366;\" href=\"http:\/\/hcwo.be\/?page_id=2\">LES THERAPEUTES: cliquez ici<\/a><\/span><\/strong><\/li>\n<li><strong><span style=\"color: #003366;\"><a style=\"color: #003366;\" href=\"http:\/\/hcwo.be\/?page_id=105\">RENDEZ-VOUS: cliquez ici<\/a><\/span><\/strong><\/li>\n<li><strong><span style=\"color: #003366;\"><a style=\"color: #003366;\" href=\"http:\/\/hcwo.be\/?page_id=93\">CONTACT &#8211; MAP: cliquez ici<\/a><\/span><\/strong><\/li>\n<\/ul>\n<p>Situ\u00e9 \u00e0 Wezembeek-Oppem, le centre H.C.W.O.&nbsp;se trouve non loin de la place Dumon \u00e0 Stockel (StockelSquare), des 4-bras et de la commune Tervuren. A partir du carrefour des &#8220;Quatre Bras&#8221; sur le ring de Bruxelles, prendre la chauss\u00e9e de Malines (N227) en direction de Malines (c\u00f4t\u00e9 gauche) et rouler sur 3 Km dans la commune de <strong>Wezembeek-Oppem<\/strong>.<br \/>Le centre th\u00e9rapeutique H.C.W.O.&nbsp;se trouve \u00e0 c\u00f4t\u00e9 d&#8217;un <strong>Pizza-Hut <\/strong>et du <strong>Basic-Fit<\/strong>, face au Delhaize et au restaurant <strong>My-Tai<\/strong>.<\/p>\n<p><img loading=\"lazy\" decoding=\"async\" class=\"alignright wp-image-202 size-medium\" src=\"http:\/\/hcwo.be\/wp-content\/uploads\/2017\/03\/img_5630-copy-1-e1489171480484-300x200.jpg\" alt=\"\" width=\"300\" height=\"200\" srcset=\"https:\/\/hcwo.be\/wp-content\/uploads\/2017\/03\/img_5630-copy-1-e1489171480484-300x200.jpg 300w, https:\/\/hcwo.be\/wp-content\/uploads\/2017\/03\/img_5630-copy-1-e1489171480484-768x513.jpg 768w, https:\/\/hcwo.be\/wp-content\/uploads\/2017\/03\/img_5630-copy-1-e1489171480484-720x481.jpg 720w, https:\/\/hcwo.be\/wp-content\/uploads\/2017\/03\/img_5630-copy-1-e1489171480484.jpg 938w\" sizes=\"auto, (max-width: 300px) 100vw, 300px\" \/><\/p>\n<p>Acc\u00e8s par les transports en communs:<br \/>Tram 39: Montgomery direction BAN-EIK.<br \/>&#8211; Arr\u00eat &#8221; Ter Meeren&#8221; (avant-derni\u00e8re arr\u00eat)<\/p>\n<p>Acc\u00e8s par le bus &#8220;de lijn&#8221; et &#8220;tec&#8221;:<br \/>&#8211; Arr\u00eat &#8220;Vosberg&#8221; (\u00e0 50 m\u00e8tres)<br \/>&#8211; Arr\u00eat &#8220;Av. Stijn Streuvels (\u00e0 100 m\u00e8tres)<\/p>\n<article id=\"post-1\" class=\"post-1 post type-post status-publish format-standard hentry category-non-classe\">\n<div class=\"entry-content\">\n<p>Nous recherchons des th\u00e9rapeutes ind\u00e9pendants et professionnels de la sant\u00e9 compl\u00e9mentaire pour augmenter l\u2019&nbsp;\u00e9quipe du Centre <strong>H.C.W.O.<\/strong> ( = <strong>H<\/strong>EALTH-<strong>C<\/strong>ENTER-<strong>W<\/strong>EZEMBEEK-<strong>O<\/strong>PPEM)&nbsp;situ\u00e9 \u00e0 Wezembeek-Oppem, Mechelsesteenweg 157.<\/p>\n<p>Si vous \u00eates int\u00e9ress\u00e9(e), envoyez-nous votre candidature \u00e0&nbsp;<a href=\"mailto:info@hcwo.be\">info[a]hcwo.be<\/a>. N\u2019h\u00e9sitez pas \u00e0 faire suivre et partager cette information. Merci d\u2019avance.<\/p>\n<p>Si vous cherchez un lieu o\u00f9 exercer et y \u00e9tablir votre profession (logop\u00e8de, psychologue, kin\u00e9, ost\u00e9opathe, coach, massage, th\u00e9rapie shiatsu, r\u00e9flexologie, reiki \u2026), nous pouvons vous y aider. Gr\u00e2ce \u00e0 une ouverture d\u2019esprit et de pratique, un professionnalisme et un tarif de location de cabinet tr\u00e8s attractif.<\/p>\n<p><strong>Rejoignez l\u2019\u00e9quipe du HCWO<\/strong><\/p>\n<p>Nous avons 12 locaux th\u00e9rapeutiques polyvalents \u00e0 mettre \u00e0 votre disposition 5 ou 6 jours sur 7. Pour plus d\u2019infos sur le centre H.C.W.O. o\u00f9 pour louer un cabinet, venez directement sur place pour visiter. Contactez-nous via <a href=\"mailto:info@hcwo.be\"><span style=\"color: #0000ff;\"><strong>email <\/strong><\/span>,<\/a>&nbsp;<span style=\"color: #ff0000;\"><strong><a style=\"color: #ff0000;\" href=\"https:\/\/www.facebook.com\/hcwodotbe\">Facebook<\/a><\/strong><\/span>&nbsp;ou <span style=\"color: #008000;\"><strong><a style=\"color: #008000;\" href=\"https:\/\/www.instagram.com\/hcwo.be\/\">instagram<\/a><\/strong><\/span><\/p>\n<\/div>\n<\/article>\n<div class=\"comments-area\"><img loading=\"lazy\" decoding=\"async\" class=\"alignleft wp-image-375 size-full\" src=\"http:\/\/hcwo.be\/wp-content\/uploads\/2017\/03\/hcwo-totem-2017-definitief1correctie.jpg\" alt=\"\" width=\"662\" height=\"883\" srcset=\"https:\/\/hcwo.be\/wp-content\/uploads\/2017\/03\/hcwo-totem-2017-definitief1correctie.jpg 662w, https:\/\/hcwo.be\/wp-content\/uploads\/2017\/03\/hcwo-totem-2017-definitief1correctie-225x300.jpg 225w\" sizes=\"auto, (max-width: 662px) 100vw, 662px\" \/><\/div>\n\n\n<p><\/p>\n\n\n\n<p><\/p>\n\n\n\n<p><\/p>\n","protected":false},"excerpt":{"rendered":"<p>&nbsp; HCWO (Health-Center-Wezembeek-Oppem): SERVICE INFIRMIER\/VERPLEEGDIENST: cliquez ici PRISE DE SANG: cliquez ici LES THERAPEUTES: cliquez ici RENDEZ-VOUS: cliquez ici CONTACT &#8211; MAP: cliquez ici Situ\u00e9 \u00e0 Wezembeek-Oppem, le centre H.C.W.O.&nbsp;se trouve non loin de la place Dumon \u00e0 Stockel (StockelSquare),&#8230;<\/p>\n","protected":false},"author":1,"featured_media":0,"parent":0,"menu_order":0,"comment_status":"closed","ping_status":"closed","template":"","meta":{"_exactmetrics_skip_tracking":false,"_exactmetrics_sitenote_active":false,"_exactmetrics_sitenote_note":"","_exactmetrics_sitenote_category":0,"footnotes":""},"class_list":["post-160","page","type-page","status-publish","hentry"],"aioseo_notices":[],"_links":{"self":[{"href":"https:\/\/hcwo.be\/index.php?rest_route=\/wp\/v2\/pages\/160","targetHints":{"allow":["GET"]}}],"collection":[{"href":"https:\/\/hcwo.be\/index.php?rest_route=\/wp\/v2\/pages"}],"about":[{"href":"https:\/\/hcwo.be\/index.php?rest_route=\/wp\/v2\/types\/page"}],"author":[{"embeddable":true,"href":"https:\/\/hcwo.be\/index.php?rest_route=\/wp\/v2\/users\/1"}],"replies":[{"embeddable":true,"href":"https:\/\/hcwo.be\/index.php?rest_route=%2Fwp%2Fv2%2Fcomments&post=160"}],"version-history":[{"count":45,"href":"https:\/\/hcwo.be\/index.php?rest_route=\/wp\/v2\/pages\/160\/revisions"}],"predecessor-version":[{"id":1211,"href":"https:\/\/hcwo.be\/index.php?rest_route=\/wp\/v2\/pages\/160\/revisions\/1211"}],"wp:attachment":[{"href":"https:\/\/hcwo.be\/index.php?rest_route=%2Fwp%2Fv2%2Fmedia&parent=160"}],"curies":[{"name":"wp","href":"https:\/\/api.w.org\/{rel}","templated":true}]}}