{"id":121,"date":"2017-03-10T16:54:44","date_gmt":"2017-03-10T15:54:44","guid":{"rendered":"http:\/\/hcwo.be\/?page_id=121"},"modified":"2026-01-08T18:00:42","modified_gmt":"2026-01-08T17:00:42","slug":"prise-de-sang","status":"publish","type":"page","link":"https:\/\/hcwo.be\/?page_id=121","title":{"rendered":"Prise de Sang"},"content":{"rendered":"<h2 style=\"text-align: center;\"><span class=\"color_11\">Les <span style=\"color: #ff0000;\">prises de sang<\/span> ont lieu<br \/>\n<\/span><span class=\"color_11\">sans rendez-vous<br \/>\n<\/span><strong><span style=\"color: #000000;\">tous les jours (sauf jours f\u00e9ri\u00e9s)<\/span><br \/>\n<\/strong><span style=\"color: #ff0000;\">du lundi au vendredi<br \/>\nde 7H \u00e0 8H45<br \/>\n&amp; samedi de 8H \u00e0 10H<\/span><\/h2>\n<h5>En partenariat avec le laboratoire SYNLAB Brussels, nous vous accueillons <span style=\"color: #ff0000;\">tous les jours<\/span> du <span style=\"color: #ff0000;\">lundi au vendredi de 7H \u00e0 8H45<\/span>\u00a0<span style=\"color: #ff0000;\">sans rendez-vous (sam. 8H \u00e0 10H).<\/span><\/h5>\n<h5>Nous nous chargeons de vos pr\u00e9l\u00e8vements et d\u00e9p\u00f4ts d\u2019\u00e9chantillons.<br \/>\nNos pr\u00e9-leveurs qualifi\u00e9s seront \u00e0 votre \u00e9coute, dans un esprit rassurant et convivial.<\/h5>\n<h5>Infirmi\u00e8re responsable : Droeshout Valerie (GSM: 0495613664)<span style=\"color: #ff0000;\"><br \/>\nSynlab (urgence): TEL. 02 464 94 50<\/span><\/h5>\n<p><span style=\"color: #ff0000;\"><strong>Pour toutes autres informations (plaintes, demandes d&#8217;analyses &#8230; )<br \/>\nemail: <a style=\"color: #ff0000;\" href=\"mailto:Cedrix.Delaunoy@synlab.be\">Cedrix.Delaunoy@synlab.be<\/a><\/strong><\/span><\/p>\n<h5 style=\"text-align: left;\"><strong>Laboratoire <span style=\"color: #ff0000;\">SYNLAB<\/span> Brussels (ex-Roman Pais) <span style=\"color: #ff0000;\">T\u00e9l : 02\/464 94 50<\/span><br \/>\n<\/strong><strong>Soldatenstraat \u2013 40 &#8211; Rue des Soldats<br \/>\n<\/strong><strong>Sint-Agatha-Berchem 1082 Berchem-Ste-Agathe<\/strong><\/h5>\n<h5 style=\"text-align: left;\"><img loading=\"lazy\" decoding=\"async\" class=\"alignleft wp-image-324\" src=\"http:\/\/hcwo.be\/wp-content\/uploads\/2017\/03\/synlab.png\" alt=\"\" width=\"301\" height=\"75\" srcset=\"https:\/\/hcwo.be\/wp-content\/uploads\/2017\/03\/synlab.png 341w, https:\/\/hcwo.be\/wp-content\/uploads\/2017\/03\/synlab-300x75.png 300w, https:\/\/hcwo.be\/wp-content\/uploads\/2017\/03\/synlab-340x85.png 340w\" sizes=\"auto, (max-width: 301px) 100vw, 301px\" \/><\/h5>\n<h2 align=\"left\"><\/h2>\n<table>\n<tbody>\n<tr>\n<td style=\"text-align: left;\" colspan=\"2\" width=\"404\"><strong><br \/>\nLes prises de sang ont lieu sans rendez-vous:<br \/>\nDe bloedonderzoeken gebeuren zonder afspraak:<br \/>\nHCWO \u00e0 Wezembeek-Oppem, Ch\u00e9e de Malines 157<\/strong><\/td>\n<\/tr>\n<tr>\n<td style=\"text-align: left;\" width=\"215\"><strong><br \/>\nlundi \u2013 maandag:<br \/>\nmardi \u2013 dinsdag:<br \/>\nmercredi \u2013 woensdag:<br \/>\njeudi \u2013 donderdag:<br \/>\nvendredi \u2013 vrijdag:<br \/>\n<span style=\"color: #ff0000;\">samedi \u2013 zaterdag: \u00a0<\/span>\u00a0 \u00a0<\/strong><\/td>\n<td style=\"text-align: left;\" width=\"189\"><strong><br \/>\n07:00 \u2013 08:45<br \/>\n<\/strong><strong>07:00 \u2013 08:45<br \/>\n<\/strong><strong>07:00 \u2013 08:45<br \/>\n<\/strong><strong>07:00 \u2013 08:45<br \/>\n<\/strong><strong>07:00 \u2013 08:45<br \/>\n<\/strong><span style=\"color: #ff0000;\"><strong>08:00 \u2013 10:00<\/strong><\/span><\/td>\n<\/tr>\n<\/tbody>\n<\/table>\n<h2><span style=\"color: #3366ff;\"><strong>INFORMATIONS PRATIQUES:<\/strong><\/span><\/h2>\n<div class=\"cat-children\">\n<div class=\"first\"><strong><a class=\"link\" href=\"https:\/\/synlab.be\/fr\/patients\/mes-resultats\">Mes r\u00e9sultats<\/a><\/strong><\/div>\n<h5 class=\"page-header item-title\"><strong><a class=\"link\" href=\"https:\/\/synlab.be\/fr\/patients\/paiement-en-ligne\">Paiement en ligne<\/a><\/strong><\/h5>\n<h5 class=\"page-header item-title\"><strong><a class=\"link\" href=\"https:\/\/synlab.be\/fr\/patients\/comment-se-preparer\">Comment se pr\u00e9parer<\/a><\/strong><\/h5>\n<div class=\"last\"><strong><a class=\"link\" href=\"https:\/\/synlab.be\/fr\/patients\/prelevements-a-domicile\">Pr\u00e9l\u00e8vements \u00e0 domicile<\/a><\/strong><\/div>\n<\/div>\n<h2><span style=\"color: #3366ff;\"><strong>NUTTIGE INFORMATIE:<\/strong><\/span><\/h2>\n<div class=\"cat-children\">\n<div class=\"first\">\n<h5 class=\"page-header item-title\"><a class=\"link\" href=\"https:\/\/synlab.be\/nl\/patienten\/mijn-resultaten\">Mijn resultaten<\/a><\/h5>\n<\/div>\n<div>\n<h5 class=\"page-header item-title\"><a class=\"link\" href=\"https:\/\/synlab.be\/nl\/patienten\/online-betaling\">Online betaling<\/a><\/h5>\n<\/div>\n<div>\n<h5 class=\"page-header item-title\"><a class=\"link\" href=\"https:\/\/synlab.be\/nl\/patienten\/voorbereiding-op-uw-bloedafname\">Hoe bereidt u zich voor?<\/a><\/h5>\n<\/div>\n<div class=\"last\">\n<h5 class=\"page-header item-title\"><a class=\"link\" href=\"https:\/\/synlab.be\/nl\/patienten\/staalafname-thuis\">Staalafname thuis<\/a><\/h5>\n<\/div>\n<\/div>\n","protected":false},"excerpt":{"rendered":"<p>Les prises de sang ont lieu sans rendez-vous tous les jours (sauf jours f\u00e9ri\u00e9s) du lundi au vendredi de 7H \u00e0 8H45 &amp; samedi de 8H \u00e0 10H En partenariat avec le laboratoire SYNLAB Brussels, nous vous accueillons tous les&#8230;<\/p>\n","protected":false},"author":1,"featured_media":0,"parent":0,"menu_order":0,"comment_status":"closed","ping_status":"closed","template":"","meta":{"_exactmetrics_skip_tracking":false,"_exactmetrics_sitenote_active":false,"_exactmetrics_sitenote_note":"","_exactmetrics_sitenote_category":0,"footnotes":""},"class_list":["post-121","page","type-page","status-publish","hentry"],"aioseo_notices":[],"_links":{"self":[{"href":"https:\/\/hcwo.be\/index.php?rest_route=\/wp\/v2\/pages\/121","targetHints":{"allow":["GET"]}}],"collection":[{"href":"https:\/\/hcwo.be\/index.php?rest_route=\/wp\/v2\/pages"}],"about":[{"href":"https:\/\/hcwo.be\/index.php?rest_route=\/wp\/v2\/types\/page"}],"author":[{"embeddable":true,"href":"https:\/\/hcwo.be\/index.php?rest_route=\/wp\/v2\/users\/1"}],"replies":[{"embeddable":true,"href":"https:\/\/hcwo.be\/index.php?rest_route=%2Fwp%2Fv2%2Fcomments&post=121"}],"version-history":[{"count":38,"href":"https:\/\/hcwo.be\/index.php?rest_route=\/wp\/v2\/pages\/121\/revisions"}],"predecessor-version":[{"id":1222,"href":"https:\/\/hcwo.be\/index.php?rest_route=\/wp\/v2\/pages\/121\/revisions\/1222"}],"wp:attachment":[{"href":"https:\/\/hcwo.be\/index.php?rest_route=%2Fwp%2Fv2%2Fmedia&parent=121"}],"curies":[{"name":"wp","href":"https:\/\/api.w.org\/{rel}","templated":true}]}}