{"id":1200,"date":"2025-09-23T17:13:45","date_gmt":"2025-09-23T15:13:45","guid":{"rendered":"http:\/\/hcwo.be\/?page_id=1200"},"modified":"2025-09-23T17:13:45","modified_gmt":"2025-09-23T15:13:45","slug":"adnet-benedicte-psychologie-clinique","status":"publish","type":"page","link":"https:\/\/hcwo.be\/?page_id=1200","title":{"rendered":"Adnet B\u00e9n\u00e9dicte (psychologie clinique)"},"content":{"rendered":"\n<figure class=\"wp-block-image size-medium\"><img loading=\"lazy\" decoding=\"async\" width=\"200\" height=\"300\" src=\"http:\/\/hcwo.be\/wp-content\/uploads\/2025\/09\/Photo-Benedicte-Adnet-200x300.jpg\" alt=\"\" class=\"wp-image-1201\" srcset=\"https:\/\/hcwo.be\/wp-content\/uploads\/2025\/09\/Photo-Benedicte-Adnet-200x300.jpg 200w, https:\/\/hcwo.be\/wp-content\/uploads\/2025\/09\/Photo-Benedicte-Adnet.jpg 550w\" sizes=\"auto, (max-width: 200px) 100vw, 200px\" \/><\/figure>\n\n\n\n<ul class=\"wp-block-list\">\n<li><strong>Th\u00e9rapie : psychologie clinique<\/strong>.<\/li>\n\n\n\n<li><strong>Cabinet&nbsp;: Lavendula<\/strong>.<\/li>\n\n\n\n<li><strong>Pr\u00e9sence :\u00a0jeudi<\/strong>.<\/li>\n\n\n\n<li><strong>GSM :\u00a00032 478 212 555<\/strong><\/li>\n\n\n\n<li><strong>Email : <\/strong><a href=\"mailto:adnet_b@yahoo.fr\" target=\"_blank\" rel=\"noopener\" title=\"\"><a href=\"mailto:adnet_b@yahoo.fr\">adnet_b@yahoo.fr<\/a><\/a><\/li>\n\n\n\n<li><strong>Les rendez-vous<\/strong>: <strong>par sms au tel: 0032 478212555<\/strong><\/li>\n\n\n\n<li><strong>Lien de site web :<\/strong>\u00a0<a href=\"https:\/\/www.benedicteadnet.be\" target=\"_blank\" rel=\"noopener\" title=\"\">benedicteadnet.be<\/a><\/li>\n\n\n\n<li><strong>Langues : FR<\/strong><\/li>\n<\/ul>\n\n\n\n<p><\/p>\n\n\n\n<p>En compl\u00e9ment de mon master en psychologie clinique ainsi que d&#8217;une ann\u00e9e suppl\u00e9mentaire de sp\u00e9cialisation en clinique psychoth\u00e9rapeutique de l&#8217;enfant et de l&#8217;adolescent, je me suis form\u00e9e \u00e0 la th\u00e9rapie syst\u00e9mique et strat\u00e9gique de Palo Alto et sp\u00e9cialis\u00e9e dans l&#8217;accompagnement des personnes en burn-out ou en \u00e9puisement.<\/p>\n\n\n\n<p>Mon approche est pragmatique et centr\u00e9e sur le pr\u00e9sent. Elle se focalise davantage sur le \u00ab\u2009comment\u2009\u00bb les difficult\u00e9s sont v\u00e9cues\u00a0 ici et maintenant, plut\u00f4t que sur la question du \u00ab\u2009pourquoi\u2009\u00bb et am\u00e8ne la personne \u00e0 exp\u00e9rimenter de nouvelles mani\u00e8res de fonctionner afin de lui permettre de d\u00e9passer les probl\u00e8mes\u00a0rencontr\u00e9s.<\/p>\n","protected":false},"excerpt":{"rendered":"<p>En compl\u00e9ment de mon master en psychologie clinique ainsi que d&#8217;une ann\u00e9e suppl\u00e9mentaire de sp\u00e9cialisation en clinique psychoth\u00e9rapeutique de l&#8217;enfant et de l&#8217;adolescent, je me suis form\u00e9e \u00e0 la th\u00e9rapie syst\u00e9mique et strat\u00e9gique de Palo Alto et sp\u00e9cialis\u00e9e dans l&#8217;accompagnement&#8230;<\/p>\n","protected":false},"author":1,"featured_media":0,"parent":0,"menu_order":0,"comment_status":"closed","ping_status":"closed","template":"","meta":{"_exactmetrics_skip_tracking":false,"_exactmetrics_sitenote_active":false,"_exactmetrics_sitenote_note":"","_exactmetrics_sitenote_category":0,"footnotes":""},"class_list":["post-1200","page","type-page","status-publish","hentry"],"aioseo_notices":[],"_links":{"self":[{"href":"https:\/\/hcwo.be\/index.php?rest_route=\/wp\/v2\/pages\/1200","targetHints":{"allow":["GET"]}}],"collection":[{"href":"https:\/\/hcwo.be\/index.php?rest_route=\/wp\/v2\/pages"}],"about":[{"href":"https:\/\/hcwo.be\/index.php?rest_route=\/wp\/v2\/types\/page"}],"author":[{"embeddable":true,"href":"https:\/\/hcwo.be\/index.php?rest_route=\/wp\/v2\/users\/1"}],"replies":[{"embeddable":true,"href":"https:\/\/hcwo.be\/index.php?rest_route=%2Fwp%2Fv2%2Fcomments&post=1200"}],"version-history":[{"count":1,"href":"https:\/\/hcwo.be\/index.php?rest_route=\/wp\/v2\/pages\/1200\/revisions"}],"predecessor-version":[{"id":1202,"href":"https:\/\/hcwo.be\/index.php?rest_route=\/wp\/v2\/pages\/1200\/revisions\/1202"}],"wp:attachment":[{"href":"https:\/\/hcwo.be\/index.php?rest_route=%2Fwp%2Fv2%2Fmedia&parent=1200"}],"curies":[{"name":"wp","href":"https:\/\/api.w.org\/{rel}","templated":true}]}}