{"id":1144,"date":"2025-07-14T17:37:49","date_gmt":"2025-07-14T15:37:49","guid":{"rendered":"https:\/\/hcwo.be\/?page_id=1144"},"modified":"2025-07-16T17:43:51","modified_gmt":"2025-07-16T15:43:51","slug":"sirgi-eva-reflexologie-plantaire","status":"publish","type":"page","link":"https:\/\/hcwo.be\/?page_id=1144","title":{"rendered":"Sirgi Eva (Reflexologie plantaire)"},"content":{"rendered":"\n<figure class=\"wp-block-image size-full\"><img loading=\"lazy\" decoding=\"async\" width=\"640\" height=\"426\" src=\"http:\/\/hcwo.be\/wp-content\/uploads\/2025\/07\/Photo-Eva-Sirgi-klein.jpg\" alt=\"\" class=\"wp-image-1152\" srcset=\"https:\/\/hcwo.be\/wp-content\/uploads\/2025\/07\/Photo-Eva-Sirgi-klein.jpg 640w, https:\/\/hcwo.be\/wp-content\/uploads\/2025\/07\/Photo-Eva-Sirgi-klein-300x200.jpg 300w\" sizes=\"auto, (max-width: 640px) 100vw, 640px\" \/><\/figure>\n\n\n\n<p><\/p>\n\n\n\n<ul class=\"wp-block-list\">\n<li><strong>Th\u00e9rapie : R\u00e9flexologie plantaire<\/strong>.<\/li>\n\n\n\n<li><strong>Cabinet&nbsp;: Lavendula<\/strong>.<\/li>\n\n\n\n<li><strong>Pr\u00e9sence :&nbsp;mercredi<\/strong>.<\/li>\n\n\n\n<li><strong>GSM :&nbsp;0032 489 94 15 09<\/strong><\/li>\n\n\n\n<li><strong>Email : <\/strong><a href=\"mailto:thehappineslabbrussels@gmail.com\" target=\"_blank\" rel=\"noopener\" title=\"\">thehappineslabbrussels@gmail.com<\/a> <\/li>\n\n\n\n<li><strong>Les rendez-vous<\/strong>: <br><strong>en ligne ici :<\/strong>\u00a0<a href=\"https:\/\/www.doctoranytime.be\/d\/reflexologue\/eva-sirgi-2\">https:\/\/www.doctoranytime.be\/d\/reflexologue\/eva-sirgi-2<\/a><\/li>\n\n\n\n<li><strong>Lien de site web :<\/strong>&nbsp;<a href=\"https:\/\/www.thehappinesslab.be\/\">https:\/\/www.thehappinesslab.be\/<\/a><\/li>\n\n\n\n<li><strong>Langues : FR &#8211; ENG<\/strong><\/li>\n<\/ul>\n\n\n\n<p><\/p>\n\n\n\n<p><strong>Mon approche globale : <\/strong>\u00ab Lib\u00e9rer le mental en passant par le corps \u00bb.<\/p>\n\n\n\n<p>J\u2019accueille les femmes en qu\u00eate de sens, souvent tiraill\u00e9es entre mille r\u00f4les, pour leur offrir un espace de douceur, d\u2019\u00e9coute et de reconnexion \u00e0 elles-m\u00eames.<\/p>\n\n\n\n<p>\u00c0 travers la r\u00e9flexologie, l\u2019aromachologie, les soins \u00e9nerg\u00e9tiques et le d\u00e9codage \u00e9motionnel, j\u2019accompagne les corps tendus, les esprits surmen\u00e9s, les hormones en d\u00e9sordre, les nuits agit\u00e9es, les c\u0153urs fatigu\u00e9s.<\/p>\n\n\n\n<p>Mon approche holistique relie le corps, l\u2019\u00e9nergie et les \u00e9motions, pour soutenir en profondeur ce qui a besoin de se r\u00e9\u00e9quilibrer, au-del\u00e0 du mental.<\/p>\n\n\n\n<p>Dans une pr\u00e9sence douce, bienveillante et intuitive, chaque s\u00e9ance devient un temps suspendu : pour rel\u00e2cher, d\u00e9poser, comprendre&#8230; et repartir align\u00e9e, plus l\u00e9g\u00e8re, ressourc\u00e9e.<\/p>\n\n\n\n<p><strong>La r\u00e9flexologie plantaire :<\/strong> 7200 ! C\u2019est le nombre de terminaisons nerveuses situ\u00e9es au niveau de votre pied. C\u2019est une des raisons pour laquelle j\u2019ai choisi de pratiquer la r\u00e9flexologie plantaire afin de soutenir la lib\u00e9ration de vos \u00e9motions. La r\u00e9flexologie plantaire est une m\u00e9thode qui a pour but de d\u00e9clencher une r\u00e9action d\u2019autogu\u00e9rison dans le corps gr\u00e2ce aux stimulations des zones r\u00e9flexes. Vos pieds en disent long sur votre parcours et il est int\u00e9ressant de conscientiser ce qui s\u2019est imprim\u00e9 dans votre corps afin de lib\u00e9rer et remettre en circulation ces \u00e9nergies. Vos pieds ne mentent pas et refl\u00e8tent l\u2019\u00e9tat de votre corps et votre esprit.<\/p>\n\n\n\n<p>Je me suis form\u00e9e \u00e0 l\u2019EFP et je me suis par la suite sp\u00e9cialis\u00e9 en M\u00e9decine Traditionnelle Chinoise appliqu\u00e9e \u00e0 la r\u00e9flexologie plantaire \u00e0 l\u2019ETSN. J\u2019ai \u00e9galement suivi une formation en lecture de pieds bas\u00e9 sur l\u2019approche de Mauricio Kruchik par Patricia Verlinden. Je me forme continuellement afin de pouvoir vous apporter tout le savoir n\u00e9cessaire dans ma<\/p>\n\n\n\n<p>pratique.<\/p>\n\n\n\n<p><strong>L\u2019aromachologie\/l\u2019olfactoth\u00e9rapie et le magn\u00e9tisme : <\/strong>je propose \u00e9galement l\u2019aromachologie et le magn\u00e9tisme dans mes s\u00e9ances. L\u2019aromachologie est l\u2019\u00e9tude de l\u2019influence des odeurs sur le comportement, elle recherche le bien-\u00eatre par le biais des odeurs. En effet, l\u2019odorat est le seul de nos sens \u00e0 \u00eatre directement reli\u00e9 \u00e0 notre deuxi\u00e8me cerveau, le syst\u00e8me limbique, plus connu comme le si\u00e8ge de nos \u00e9motions, traumas et m\u00e9moires.<\/p>\n\n\n\n<p>Le magn\u00e9tisme est une approche de soin dite \u00ab \u00e9nerg\u00e9tique \u00bb qui repose sur l\u2019id\u00e9e que chaque\u00eatre vivant poss\u00e8de une \u00e9nergie vitale. Le magn\u00e9tiseur, aussi appel\u00e9 praticien en magn\u00e9tisme, agiten r\u00e9\u00e9quilibrant cette \u00e9nergie pour aider le corps et l\u2019esprit \u00e0 retrouver un mieux-\u00eatre.<\/p>\n\n\n\n<p>Il utilise g\u00e9n\u00e9ralement ses mains, parfois sans toucher la personne, pour ressentir lesd\u00e9s\u00e9quilibres \u00e9nerg\u00e9tiques et favoriser la circulation harmonieuse de l\u2019\u00e9nergie. Cette pratique estsouvent utilis\u00e9e pour apaiser certains maux (comme les douleurs, les troubles du sommeil ou lestress), soutenir un processus d\u2019auto-gu\u00e9rison ou accompagner un travail \u00e9motionnel.<\/p>\n\n\n\n<p><strong>Dans quels cas me consulter ?<\/strong><strong><\/strong><\/p>\n\n\n\n<ul class=\"wp-block-list\">\n<li>L\u00e2cher-prise &#8211; stress &#8211; tensions nerveuses et musculaires, apaisement, rel\u00e2chement, relaxation, anxi\u00e9t\u00e9.<\/li>\n\n\n\n<li>D\u00e9r\u00e8glements hormonaux, cycles menstruels, PMA\u2026<\/li>\n\n\n\n<li>Burn out, d\u00e9pression, bore out.<\/li>\n\n\n\n<li>Lib\u00e9ration des tensions \u00e9motionnelles accumul\u00e9es.<\/li>\n\n\n\n<li>D\u00e9codage des messages du corps pour ouvrir des pistes de r\u00e9flexion.<\/li>\n\n\n\n<li>Bulle de douceur, bienveillance et empathie pour s\u2019offrir un temps pour soit de qualit\u00e9.<\/li>\n\n\n\n<li>Soutien du syst\u00e8me immunitaire : Le stress trop fre\u0301quent, voire permanent, e\u0301puise le corps et de\u0301stabilise nos syste\u0300mes (en particulier le syste\u0300me immunitaire). La re\u0301flexologie posse\u0300de, inde\u0301niablement un effet profonde\u0301ment relaxant, permettant ainsi d\u2019aider a\u0300 r\u00e9-\u00e9quilibrer les syste\u0300mes impacte\u0301s par le stress mais surtout de soutenir votre syst\u00e8me immunitaire et votre sant\u00e9. Je pense notamment aux nombreuses maladies auto-immunes qui pullulent de nos jours.<\/li>\n\n\n\n<li>Soutien des douleurs et maladies chroniques.<\/li>\n\n\n\n<li>Recherche de causes et diagnostique \u00e9nerg\u00e9tique pour soutenir un mieux-\u00eatre physique, mental et \u00e9nerg\u00e9tique.<\/li>\n\n\n\n<li>Soutien \u00e0 la d\u00e9toxication de l\u2019organisme &#8211; \u00e9limination de toxines.<\/li>\n\n\n\n<li>Probl\u00e9matique de sommeil, cauchemars, insomnies, r\u00e9veils nocturnes,\u2026<\/li>\n\n\n\n<li>Manque d\u2019\u00e9lan, d\u2019\u00e9nergie, de volont\u00e9, de cr\u00e9ativit\u00e9.<\/li>\n\n\n\n<li>Probl\u00e8mes digestifs.<\/li>\n<\/ul>\n\n\n\n<p>N\u2019h\u00e9sitez pas \u00e0 me contacter afin de voir comment je peux vous aider si vous ne vous reconnaissez pas dans les cas mentionn\u00e9s ci-dessus. Ces pratiques ne remplacent pas un avis ou un traitement m\u00e9dical, mais peuvent venir en compl\u00e9ment, dans une d\u00e9marche de soin globale et respectueuse de la personne.<\/p>\n","protected":false},"excerpt":{"rendered":"<p>Mon approche globale : \u00ab Lib\u00e9rer le mental en passant par le corps \u00bb. J\u2019accueille les femmes en qu\u00eate de sens, souvent tiraill\u00e9es entre mille r\u00f4les, pour leur offrir un espace de douceur, d\u2019\u00e9coute et de reconnexion \u00e0 elles-m\u00eames. \u00c0&#8230;<\/p>\n","protected":false},"author":1,"featured_media":0,"parent":0,"menu_order":0,"comment_status":"closed","ping_status":"closed","template":"","meta":{"_exactmetrics_skip_tracking":false,"_exactmetrics_sitenote_active":false,"_exactmetrics_sitenote_note":"","_exactmetrics_sitenote_category":0,"footnotes":""},"class_list":["post-1144","page","type-page","status-publish","hentry"],"aioseo_notices":[],"_links":{"self":[{"href":"https:\/\/hcwo.be\/index.php?rest_route=\/wp\/v2\/pages\/1144","targetHints":{"allow":["GET"]}}],"collection":[{"href":"https:\/\/hcwo.be\/index.php?rest_route=\/wp\/v2\/pages"}],"about":[{"href":"https:\/\/hcwo.be\/index.php?rest_route=\/wp\/v2\/types\/page"}],"author":[{"embeddable":true,"href":"https:\/\/hcwo.be\/index.php?rest_route=\/wp\/v2\/users\/1"}],"replies":[{"embeddable":true,"href":"https:\/\/hcwo.be\/index.php?rest_route=%2Fwp%2Fv2%2Fcomments&post=1144"}],"version-history":[{"count":9,"href":"https:\/\/hcwo.be\/index.php?rest_route=\/wp\/v2\/pages\/1144\/revisions"}],"predecessor-version":[{"id":1161,"href":"https:\/\/hcwo.be\/index.php?rest_route=\/wp\/v2\/pages\/1144\/revisions\/1161"}],"wp:attachment":[{"href":"https:\/\/hcwo.be\/index.php?rest_route=%2Fwp%2Fv2%2Fmedia&parent=1144"}],"curies":[{"name":"wp","href":"https:\/\/api.w.org\/{rel}","templated":true}]}}