{"id":1141,"date":"2025-07-14T17:24:21","date_gmt":"2025-07-14T15:24:21","guid":{"rendered":"https:\/\/hcwo.be\/?page_id=1141"},"modified":"2025-07-16T17:49:27","modified_gmt":"2025-07-16T15:49:27","slug":"pohle-maike-logopedie-deutsche-logopadin-speech-therapist","status":"publish","type":"page","link":"https:\/\/hcwo.be\/?page_id=1141","title":{"rendered":"Pohle Maike (Logopedie)"},"content":{"rendered":"\n<ul class=\"wp-block-list\">\n<li><strong>Th\u00e9rapie : logopedie (Logop\u00e4die\/ speech therapy)<\/strong><\/li>\n\n\n\n<li><strong>Cabinet&nbsp;: <\/strong>Lotus<\/li>\n\n\n\n<li><strong>Pr\u00e9sence :&nbsp;<\/strong>vendredi (Anwesenheit: freitags\/ Fridays)<\/li>\n\n\n\n<li><strong>GSM :&nbsp;<\/strong>0032 456 16 37 24<\/li>\n\n\n\n<li><strong>Email :&nbsp;<a href=\"mailto:marcelis.kine@gmail.com\"><\/a><\/strong><a href=\"mailto:maike.pohle89@gmail.com\" target=\"_blank\" rel=\"noopener\" title=\"\">maike.pohle89@gmail.com<\/a><\/li>\n\n\n\n<li><strong>Langues : <\/strong>ALLEMAND + ANGLAIS (Sprachen\/ language&nbsp;: Deutsch\/ English)<\/li>\n\n\n\n<li><strong>Spezialisierung\/ specialization&nbsp;:<\/strong><br>&#8211; Myofunktionelle Therapie\/ myofunctional therapy.<br>&#8211; Sprachf\u00f6rderung, besonders bei Mehrsprachigkeit\/ language support, especially for multilingualism.<br>&#8211; Phonetische und phonologische Therapie\/ phonetic and phonological therapy<br>&#8211; Stottern und Mutismus\/ Stutter and mutism.<\/li>\n<\/ul>\n\n\n\n<p><strong>Deutsche Logop\u00e4din und Sozialp\u00e4dagogin<\/strong><\/p>\n\n\n\n<p>Ich habe 2012 meinen Abschluss als staatlich anerkannte Logop\u00e4din in Dresden (DPFA Schulen Dresden) abgeschlossen und daraufhin ein Studium der Sozialp\u00e4dagogik, Sozialarbeit und Wohlfahrtswissenschaften angeschlossen.<\/p>\n\n\n\n<p>Ich habe in den folgenden Jahren Erfahrungen gesammelt als Logop\u00e4din, als auch in der Arbeit mit Kindern und Jugendlichen in der \u00f6ffentlichen Arbeit und im freiwilligen-sozialen Jahr (FSJ) als Koordinatorin von Kindern und Jugendlichen.<\/p>\n\n\n\n<p>Mit dem Umzug nach Belgien habe ich daraufhin zun\u00e4chst als P\u00e4dagogin an der internationalen deutschen Schule in Br\u00fcssel gearbeitet, bevor ich begann als Lehrerin f\u00fcr Deutsch privat und an Abendschulen Kurse zu unterrichten. Seit November 2023 biete ich als private Logop\u00e4din in Belgien Therapien f\u00fcr Kinder und Jugendliche von deutschen und mehrsprachigen Familien an.<\/p>\n\n\n\n<p>Meine Leistungen und Angebote beim H.C.W.O. erstrecken sich von einer sprachlichen Diagnostik und Verlaufsdiagnostik, zur Erhebung der sprachlichen F\u00e4higkeiten Ihres Kindes, \u00fcber die Entwicklung eines individuellen Therapieplans in den Bereichen:&nbsp;<strong>Sprechtherapie<\/strong>&nbsp;(Artikulation, Aussprache und Sprechfl\u00fcssigkeit des Kindes),&nbsp;<strong>Sprachtherapie<\/strong>&nbsp;(Wortschatzaufbau &#8211; korrekte Verwendung von W\u00f6rtern besonders bei Zwei- und Mehrsprachigkeit),&nbsp;<strong>Grammatikf\u00f6rderung<\/strong>&nbsp;(gezielte \u00dcbungen und Aktivit\u00e4ten zur Verbesserung der Grammatik und Satzstruktur) und&nbsp;<strong>Kommunikationstraining<\/strong>&nbsp;( um soziale Interaktionen zu erleichtern und verbessern).<\/p>\n\n\n\n<p>Ich konzentriere mich besonders darauf, die Kommunikationsf\u00e4higkeiten in verschiedenen Kontexten zu st\u00e4rken und damit die Lebensqualit\u00e4t des Kindes zu verbessern. Gemeinsam mit Kind und Eltern kl\u00e4ren wir in den ersten Gespr\u00e4chen den individuellen Bedarf. Neben den Schwierigkeiten werden auch besonders die St\u00e4rken des Kindes herausgearbeitet, um gemeinsam eine passende Unterst\u00fctzung zu finden und das Kind im Prozess zu motivieren.<\/p>\n\n\n\n<p>Besonders wichtig ist au\u00dferdem die&nbsp;<strong>Elternbeteiligung<\/strong>: Ich arbeite eng mit den Eltern zusammen, um \u00dcbungen und Techniken vermitteln zu k\u00f6nnen, die zu Hause angewendet werden, um die Therapiefortschritte und Anwendung des Gelernten zu unterst\u00fctzen.<\/p>\n\n\n\n<p>Melden Sie sich noch heute f\u00fcr eine<strong> Erstberatung<\/strong>&nbsp;an und lassen Sie uns gemeinsam daran arbeiten, die sprachlichen und kommunikativen F\u00e4higkeiten Ihres Kindes zu st\u00e4rken. Kontaktieren Sie mich gern unter&nbsp;<strong>maike.pohle89@gmail.com<\/strong> .Ich freue mich darauf, mit Ihnen und Ihrem Kind zusammenzuarbeiten!&#8221;<\/p>\n\n\n\n<p><\/p>\n","protected":false},"excerpt":{"rendered":"<p>Deutsche Logop\u00e4din und Sozialp\u00e4dagogin Ich habe 2012 meinen Abschluss als staatlich anerkannte Logop\u00e4din in Dresden (DPFA Schulen Dresden) abgeschlossen und daraufhin ein Studium der Sozialp\u00e4dagogik, Sozialarbeit und Wohlfahrtswissenschaften angeschlossen. Ich habe in den folgenden Jahren Erfahrungen gesammelt als Logop\u00e4din, als&#8230;<\/p>\n","protected":false},"author":1,"featured_media":0,"parent":0,"menu_order":0,"comment_status":"closed","ping_status":"closed","template":"","meta":{"_exactmetrics_skip_tracking":false,"_exactmetrics_sitenote_active":false,"_exactmetrics_sitenote_note":"","_exactmetrics_sitenote_category":0,"footnotes":""},"class_list":["post-1141","page","type-page","status-publish","hentry"],"aioseo_notices":[],"_links":{"self":[{"href":"https:\/\/hcwo.be\/index.php?rest_route=\/wp\/v2\/pages\/1141","targetHints":{"allow":["GET"]}}],"collection":[{"href":"https:\/\/hcwo.be\/index.php?rest_route=\/wp\/v2\/pages"}],"about":[{"href":"https:\/\/hcwo.be\/index.php?rest_route=\/wp\/v2\/types\/page"}],"author":[{"embeddable":true,"href":"https:\/\/hcwo.be\/index.php?rest_route=\/wp\/v2\/users\/1"}],"replies":[{"embeddable":true,"href":"https:\/\/hcwo.be\/index.php?rest_route=%2Fwp%2Fv2%2Fcomments&post=1141"}],"version-history":[{"count":3,"href":"https:\/\/hcwo.be\/index.php?rest_route=\/wp\/v2\/pages\/1141\/revisions"}],"predecessor-version":[{"id":1164,"href":"https:\/\/hcwo.be\/index.php?rest_route=\/wp\/v2\/pages\/1141\/revisions\/1164"}],"wp:attachment":[{"href":"https:\/\/hcwo.be\/index.php?rest_route=%2Fwp%2Fv2%2Fmedia&parent=1141"}],"curies":[{"name":"wp","href":"https:\/\/api.w.org\/{rel}","templated":true}]}}