{"id":105,"date":"2017-03-10T16:27:55","date_gmt":"2017-03-10T15:27:55","guid":{"rendered":"http:\/\/hcwo.be\/?page_id=105"},"modified":"2026-01-26T10:09:52","modified_gmt":"2026-01-26T09:09:52","slug":"rendez-vous","status":"publish","type":"page","link":"https:\/\/hcwo.be\/?page_id=105","title":{"rendered":"Rendez-vous RDV"},"content":{"rendered":"<h3>TOUTES LES CONSULTATIONS SE FONT UNIQUEMENT SUR RENDEZ-VOUS!<\/h3>\n<p><strong>Les\u00a0rendez-vous se prennent directement avec <span style=\"color: #008000;\">nos th\u00e9rapeutes<span style=\"color: #000000;\">.<br \/>Cliquez sur le <span style=\"color: #008000;\">nom<\/span>\u00a0du th\u00e9rapeute pour les <span style=\"color: #008000;\">RDV<\/span>:<br \/><\/span><\/span><\/strong><\/p>\n<table style=\"height: 644px;\" width=\"623\">\n<tbody>\n<tr>\n<td style=\"text-align: left;\" width=\"33%\"><strong>THERAPIE<\/strong><\/td>\n<td style=\"text-align: left;\" width=\"36%\"><strong>RDV THERAPEUTES<\/strong><\/td>\n<td style=\"text-align: left;\" width=\"29%\"><strong>LOCAL<\/strong><\/td>\n<\/tr>\n<tr>\n<td style=\"text-align: left;\" width=\"33%\">Logop\u00e9die<\/td>\n<td style=\"text-align: left;\" width=\"36%\"><a href=\"http:\/\/hcwo.be\/?page_id=232\"><span style=\"color: #008000;\"><strong>Regaert Christel<\/strong><\/span><\/a><\/td>\n<td style=\"text-align: left;\" width=\"29%\">GINKGO<\/td>\n<\/tr>\n<tr>\n<td style=\"text-align: left;\" width=\"33%\">Logop\u00e9die<\/td>\n<td style=\"text-align: left;\" width=\"36%\"><a href=\"http:\/\/hcwo.be\/?page_id=234\"><span style=\"color: #008000;\"><strong>de villenfagne Savina<\/strong><\/span><\/a><\/td>\n<td style=\"text-align: left;\" width=\"29%\">LOTUS<\/td>\n<\/tr>\n<tr>\n<td style=\"text-align: left;\" width=\"33%\">Logop\u00e9die<\/td>\n<td style=\"text-align: left;\" width=\"36%\"><a href=\"http:\/\/hcwo.be\/?page_id=236\"><span style=\"color: #008000;\"><strong>Th\u00e9ate Caroline<\/strong><\/span><\/a><\/td>\n<td style=\"text-align: left;\" width=\"29%\">YLANG<\/td>\n<\/tr>\n<tr>\n<td style=\"text-align: left;\" width=\"33%\">Logopedie<\/td>\n<td style=\"text-align: left;\" width=\"36%\"><a href=\"http:\/\/hcwo.be\/?page_id=1049\"><span style=\"color: #008000;\"><strong>Lacroix Marie<\/strong><\/span><\/a><\/td>\n<td style=\"text-align: left;\" width=\"29%\">PASSIFLORA\/YLANG<\/td>\n<\/tr>\n<tr>\n<td style=\"text-align: left;\" width=\"33%\">Logopedie<\/td>\n<td style=\"text-align: left;\" width=\"36%\"><a href=\"http:\/\/hcwo.be\/?page_id=1141\"><span style=\"color: #008000;\"><strong>Pohle Maike<\/strong><\/span><\/a><\/td>\n<td style=\"text-align: left;\" width=\"29%\">LOTUS<\/td>\n<\/tr>\n<tr>\n<td style=\"text-align: left;\" width=\"33%\">Reflexologie<\/td>\n<td style=\"text-align: left;\" width=\"36%\"><a href=\"http:\/\/hcwo.be\/?page_id=1144\"><span style=\"color: #008000;\"><strong>Sirgi Eva<\/strong><\/span><\/a><\/td>\n<td style=\"text-align: left;\" width=\"29%\">LAVENDULA<\/td>\n<\/tr>\n<tr>\n<td style=\"text-align: left;\" width=\"33%\">Kinesitherapie<\/td>\n<td style=\"text-align: left;\" width=\"36%\"><a href=\"http:\/\/hcwo.be\/?page_id=711\"><span style=\"color: #008000;\"><strong>Marcelis Fanny<\/strong><\/span><\/a><\/td>\n<td style=\"text-align: left;\" width=\"29%\">BELLADONNA<\/td>\n<\/tr>\n<tr>\n<td style=\"text-align: left;\" width=\"33%\">P\u00e9dicure m\u00e9dicale<\/td>\n<td style=\"text-align: left;\" width=\"36%\"><a href=\"http:\/\/hcwo.be\/?page_id=632\"><span style=\"color: #008000;\"><strong>Beelen Sandrine<\/strong><\/span><\/a><\/td>\n<td style=\"text-align: left;\" width=\"29%\">CALENDULA<\/td>\n<\/tr>\n<tr>\n<td style=\"text-align: left;\" width=\"33%\">Logopedie<\/td>\n<td style=\"text-align: left;\" width=\"36%\"><a href=\"http:\/\/hcwo.be\/?page_id=1038\"><span style=\"color: #008000;\"><strong>De Rom Margot.<\/strong><\/span><\/a><\/td>\n<td style=\"text-align: left;\" width=\"29%\">PASSIFLORA<\/td>\n<\/tr>\n<tr>\n<td style=\"text-align: left;\" width=\"33%\">Psychoth\u00e9rapie<\/td>\n<td style=\"text-align: left;\" width=\"36%\"><a href=\"http:\/\/hcwo.be\/?page_id=435\"><span style=\"color: #008000;\"><strong>Wattiez Val\u00e9rie<\/strong><\/span><\/a><\/td>\n<td style=\"text-align: left;\" width=\"29%\">MENTHA<\/td>\n<\/tr>\n<tr>\n<td style=\"text-align: left;\" width=\"33%\">Psychoth\u00e9rapie<\/td>\n<td style=\"text-align: left;\" width=\"36%\"><a href=\"http:\/\/hcwo.be\/?page_id=453\"><span style=\"color: #008000;\"><strong>Beaufays Sophie<\/strong><\/span><\/a><\/td>\n<td style=\"text-align: left;\" width=\"29%\">MENTHA<\/td>\n<\/tr>\n<tr>\n<td style=\"text-align: left;\" width=\"33%\">Psychoth\u00e9rapie<\/td>\n<td style=\"text-align: left;\" width=\"36%\"><span style=\"color: #339966;\"><a style=\"color: #339966;\" href=\"http:\/\/hcwo.be\/?page_id=1011\" target=\"_blank\" rel=\"noopener\"><strong><span style=\"color: #008000;\">de Hemptinne Mano\u00eblle<\/span><\/strong><\/a><\/span><\/td>\n<td style=\"text-align: left;\" width=\"29%\">GINKGO<\/td>\n<\/tr>\n<tr>\n<td style=\"text-align: left;\" width=\"33%\">Coaching Parental &#8211; Couple &#8211; Burn-out<\/td>\n<td style=\"text-align: left;\" width=\"36%\"><a href=\"http:\/\/hcwo.be\/?page_id=248\"><span style=\"color: #008000;\"><strong>de Ville Vinciane<\/strong><\/span><\/a><\/td>\n<td style=\"text-align: left;\" width=\"29%\">MENTHA<\/td>\n<\/tr>\n<tr>\n<td style=\"text-align: left;\" width=\"33%\">Service infirmier<\/td>\n<td style=\"text-align: left;\" width=\"36%\"><a title=\"Droeshout Valerie (Service Infirmier \u2013 Verpleegdienst)\" href=\"http:\/\/hcwo.be\/?page_id=979\" target=\"_blank\" rel=\"noopener\"><span style=\"color: #008000;\"><strong>Droeshout Valerie<\/strong><\/span><\/a><\/td>\n<td style=\"text-align: left;\" width=\"29%\">ARNICA<\/td>\n<\/tr>\n<tr>\n<td style=\"text-align: left;\" width=\"33%\">Shiatsu<\/td>\n<td style=\"text-align: left;\" width=\"36%\"><a href=\"http:\/\/hcwo.be\/?page_id=252\"><span style=\"color: #008000;\"><strong>Banai Philippe<\/strong><\/span><\/a><\/td>\n<td style=\"text-align: left;\" width=\"29%\">LAVENDULA<\/td>\n<\/tr>\n<tr>\n<td style=\"text-align: left;\" width=\"33%\">Sage-femme<\/td>\n<td style=\"text-align: left;\" width=\"36%\"><a href=\"http:\/\/hcwo.be\/?page_id=1125\"><span style=\"color: #008000;\"><strong>Verbrugge Amandine<\/strong><\/span><\/a><\/td>\n<td style=\"text-align: left;\" width=\"29%\">LAVENDULA<\/td>\n<\/tr>\n<tr>\n<td style=\"text-align: left;\" width=\"33%\">Pediatre (Dr.)<\/td>\n<td style=\"text-align: left;\" width=\"36%\"><a href=\"http:\/\/hcwo.be\/?page_id=921\"><span style=\"color: #008000;\"><strong>Vandresse Valerie<\/strong><\/span><\/a><\/td>\n<td style=\"text-align: left;\" width=\"29%\">CHAMOMILLA<\/td>\n<\/tr>\n<tr>\n<td style=\"text-align: left;\" width=\"33%\"><span style=\"color: #ff0000;\">Prise de sang (SYNLAB):<br \/>= sans RDV!<\/span><\/td>\n<td style=\"text-align: left;\" width=\"36%\"><strong style=\"font-family: inherit; font-size: inherit;\"><strong style=\"font-family: inherit; font-size: inherit;\"><span style=\"color: #ff0000;\">SYNLAB:\u00a0 \u00a0 \u00a0 \u00a002 464 94 50<br \/><\/span><\/strong><\/strong><strong style=\"font-family: inherit; font-size: inherit;\"><strong style=\"font-family: inherit; font-size: inherit;\"><span style=\"color: #ff0000;\">INFIRMIER:\u00a0 0495 61 36 64<br \/><\/span><\/strong><\/strong><strong style=\"font-family: inherit; font-size: inherit;\"><strong style=\"font-family: inherit; font-size: inherit;\"><span style=\"color: #ff0000;\"><span id=\"cloak322a04b728afe4630078e03d236e30a4\"><a href=\"mailto:be.bxl.secretariat@synlab.be\">be.bxl.secretariat@synlab.be<\/a><\/span>\u00a0<\/span><br \/><\/strong><\/strong><\/td>\n<td style=\"text-align: left;\" width=\"29%\"><span style=\"color: #ff0000;\">ARNICA<\/span><\/td>\n<\/tr>\n<\/tbody>\n<\/table>\n<p>update: 01\/10\/2025<\/p>\n<p>\u00a0<\/p>\n\n\n<figure class=\"wp-block-image size-large is-resized\"><img loading=\"lazy\" decoding=\"async\" width=\"1024\" height=\"691\" src=\"http:\/\/hcwo.be\/wp-content\/uploads\/2025\/09\/HCWO-ENTREE-PORTE-2025-10-4-1024x691.jpg\" alt=\"\" class=\"wp-image-1217\" style=\"width:621px;height:auto\" srcset=\"https:\/\/hcwo.be\/wp-content\/uploads\/2025\/09\/HCWO-ENTREE-PORTE-2025-10-4-1024x691.jpg 1024w, https:\/\/hcwo.be\/wp-content\/uploads\/2025\/09\/HCWO-ENTREE-PORTE-2025-10-4-300x202.jpg 300w, https:\/\/hcwo.be\/wp-content\/uploads\/2025\/09\/HCWO-ENTREE-PORTE-2025-10-4-768x518.jpg 768w, https:\/\/hcwo.be\/wp-content\/uploads\/2025\/09\/HCWO-ENTREE-PORTE-2025-10-4-720x486.jpg 720w, https:\/\/hcwo.be\/wp-content\/uploads\/2025\/09\/HCWO-ENTREE-PORTE-2025-10-4.jpg 1052w\" sizes=\"auto, (max-width: 1024px) 100vw, 1024px\" \/><\/figure>\n","protected":false},"excerpt":{"rendered":"<p>TOUTES LES CONSULTATIONS SE FONT UNIQUEMENT SUR RENDEZ-VOUS! Les\u00a0rendez-vous se prennent directement avec nos th\u00e9rapeutes.Cliquez sur le nom\u00a0du th\u00e9rapeute pour les RDV: THERAPIE RDV THERAPEUTES LOCAL Logop\u00e9die Regaert Christel GINKGO Logop\u00e9die de villenfagne Savina LOTUS Logop\u00e9die Th\u00e9ate Caroline YLANG Logopedie&#8230;<\/p>\n","protected":false},"author":1,"featured_media":0,"parent":0,"menu_order":0,"comment_status":"closed","ping_status":"closed","template":"","meta":{"_exactmetrics_skip_tracking":false,"_exactmetrics_sitenote_active":false,"_exactmetrics_sitenote_note":"","_exactmetrics_sitenote_category":0,"footnotes":""},"class_list":["post-105","page","type-page","status-publish","hentry"],"aioseo_notices":[],"_links":{"self":[{"href":"https:\/\/hcwo.be\/index.php?rest_route=\/wp\/v2\/pages\/105","targetHints":{"allow":["GET"]}}],"collection":[{"href":"https:\/\/hcwo.be\/index.php?rest_route=\/wp\/v2\/pages"}],"about":[{"href":"https:\/\/hcwo.be\/index.php?rest_route=\/wp\/v2\/types\/page"}],"author":[{"embeddable":true,"href":"https:\/\/hcwo.be\/index.php?rest_route=\/wp\/v2\/users\/1"}],"replies":[{"embeddable":true,"href":"https:\/\/hcwo.be\/index.php?rest_route=%2Fwp%2Fv2%2Fcomments&post=105"}],"version-history":[{"count":93,"href":"https:\/\/hcwo.be\/index.php?rest_route=\/wp\/v2\/pages\/105\/revisions"}],"predecessor-version":[{"id":1218,"href":"https:\/\/hcwo.be\/index.php?rest_route=\/wp\/v2\/pages\/105\/revisions\/1218"}],"wp:attachment":[{"href":"https:\/\/hcwo.be\/index.php?rest_route=%2Fwp%2Fv2%2Fmedia&parent=105"}],"curies":[{"name":"wp","href":"https:\/\/api.w.org\/{rel}","templated":true}]}}