{"id":1011,"date":"2023-07-26T15:04:25","date_gmt":"2023-07-26T13:04:25","guid":{"rendered":"http:\/\/hcwo.be\/?page_id=1011"},"modified":"2024-06-29T09:27:55","modified_gmt":"2024-06-29T07:27:55","slug":"de-hemptinne-manoelle-psychologie","status":"publish","type":"page","link":"https:\/\/hcwo.be\/?page_id=1011","title":{"rendered":"de Hemptinne Mano\u00eblle (psychologue (conventionn\u00e9e) \u2013 r\u00e9flexes archa\u00efques)"},"content":{"rendered":"\n<figure class=\"wp-block-image size-full\"><img loading=\"lazy\" decoding=\"async\" width=\"400\" height=\"336\" src=\"http:\/\/hcwo.be\/wp-content\/uploads\/2023\/07\/photo-Manoelle-de-Hemptinne-1.jpg\" alt=\"\" class=\"wp-image-1029\" srcset=\"https:\/\/hcwo.be\/wp-content\/uploads\/2023\/07\/photo-Manoelle-de-Hemptinne-1.jpg 400w, https:\/\/hcwo.be\/wp-content\/uploads\/2023\/07\/photo-Manoelle-de-Hemptinne-1-300x252.jpg 300w\" sizes=\"auto, (max-width: 400px) 100vw, 400px\" \/><\/figure>\n\n\n\n<ul class=\"wp-block-list\">\n<li><strong>Th\u00e9rapie : Psychologue clinicienne \u2013 r\u00e9flexes archa\u00efques<\/strong><\/li>\n\n\n\n<li><strong>Cabinet&nbsp;: Ginkgo<\/strong><\/li>\n\n\n\n<li><strong>Pr\u00e9sence :&nbsp;Mercredi &#8211; Vendredi<\/strong><\/li>\n\n\n\n<li><strong>GSM :&nbsp;0473467646<\/strong><\/li>\n\n\n\n<li><strong>Email :&nbsp;manoelledehemptinne@gmail.com<\/strong><\/li>\n\n\n\n<li><strong>Prise de rdv en ligne&nbsp;: <a href=\"https:\/\/booking.mobminder.com\/manoelledehemptinne\" target=\"_blank\" rel=\"noreferrer noopener\">https:\/\/booking.mobminder.com\/manoelledehemptinne<\/a><\/strong><\/li>\n\n\n\n<li><strong>Langues : Fr<\/strong><\/li>\n<\/ul>\n\n\n\n<p><strong>Psychologue clinicienne<\/strong>, form\u00e9e \u00e0 la th\u00e9rapie du d\u00e9veloppement (module 1), elle utilise l\u2019<strong>int\u00e9gration des r\u00e9flexes archa\u00efques<\/strong>&nbsp;comme outil de travail.<\/p>\n\n\n\n<p>Travaillant \u00e9galement depuis plus de 10 ans dans un SASPE (Service d\u2019Accueil Sp\u00e9cialis\u00e9e de la Petite Enfance), elle a un int\u00e9r\u00eat particulier pour la petite enfance et est anim\u00e9e par la volont\u00e9 d\u2019apporter une contribution au bien-\u00eatre et au d\u00e9veloppement de l\u2019enfant.<\/p>\n\n\n\n<p>Dans son travail, elle prend en compte la vie psychique de la personne en y int\u00e9grant une dimension corporelle afin d\u2019am\u00e9liorer les habilit\u00e9s \u00e9motionnelles, cognitives ainsi que le d\u00e9veloppement psychomoteur.<\/p>\n\n\n\n<p>Public : ses consultations s\u2019adressent aux enfants, adolescents et adultes.<\/p>\n\n\n\n<p>Un ou plusieurs des signes suivants vous donnent une indication pour une prise en charge :<\/p>\n\n\n\n<ul class=\"wp-block-list\">\n<li>Difficult\u00e9s de coordination et d\u2019\u00e9quilibre (sauter, nager, faire du v\u00e9lo, etc.)<\/li>\n\n\n\n<li>Troubles \u00ab dys \u00bb (dyslexie, dyspraxie, dysphasie, dysgraphie, etc.)<\/li>\n\n\n\n<li>Difficult\u00e9s d\u2019apprentissage (attention, concentration, m\u00e9morisation, lecture, \u00e9criture,..)<\/li>\n\n\n\n<li>Hypersensibilit\u00e9 (sensorielle, \u00e9motionnelle)<\/li>\n\n\n\n<li>Agitation, hyperactivit\u00e9<\/li>\n\n\n\n<li>Enur\u00e9sie<\/li>\n\n\n\n<li>Retard langagier<\/li>\n\n\n\n<li>Tendance autistique<\/li>\n\n\n\n<li>Anxi\u00e9t\u00e9, peurs irrationnelles<\/li>\n\n\n\n<li>Manque de confiance en soi, mauvaise estime de soi<\/li>\n\n\n\n<li>Agressivit\u00e9<\/li>\n\n\n\n<li>Timidit\u00e9, difficult\u00e9s \u00e0 se d\u00e9fendre<\/li>\n\n\n\n<li>D\u00e9teste les impr\u00e9vus ou les changements dans ses habitudes<\/li>\n<\/ul>\n\n\n\n<p>Vous pourrez trouver des informations compl\u00e9mentaires sur les r\u00e9flexes archa\u00efques\u00a0sur le site <a href=\"http:\/\/www.afrem.org\">www.afrem.org<\/a> .<\/p>\n\n\n\n<p>Le co\u00fbt des s\u00e9ances (86,69 euros) est enti\u00e8rement pris en charge par l\u2019INAMI pour 10 s\u00e9ances maximum\u00a0<\/p>\n","protected":false},"excerpt":{"rendered":"<p>Psychologue clinicienne, form\u00e9e \u00e0 la th\u00e9rapie du d\u00e9veloppement (module 1), elle utilise l\u2019int\u00e9gration des r\u00e9flexes archa\u00efques&nbsp;comme outil de travail. Travaillant \u00e9galement depuis plus de 10 ans dans un SASPE (Service d\u2019Accueil Sp\u00e9cialis\u00e9e de la Petite Enfance), elle a un int\u00e9r\u00eat&#8230;<\/p>\n","protected":false},"author":1,"featured_media":0,"parent":0,"menu_order":0,"comment_status":"closed","ping_status":"closed","template":"","meta":{"_exactmetrics_skip_tracking":false,"_exactmetrics_sitenote_active":false,"_exactmetrics_sitenote_note":"","_exactmetrics_sitenote_category":0,"footnotes":""},"class_list":["post-1011","page","type-page","status-publish","hentry"],"aioseo_notices":[],"_links":{"self":[{"href":"https:\/\/hcwo.be\/index.php?rest_route=\/wp\/v2\/pages\/1011","targetHints":{"allow":["GET"]}}],"collection":[{"href":"https:\/\/hcwo.be\/index.php?rest_route=\/wp\/v2\/pages"}],"about":[{"href":"https:\/\/hcwo.be\/index.php?rest_route=\/wp\/v2\/types\/page"}],"author":[{"embeddable":true,"href":"https:\/\/hcwo.be\/index.php?rest_route=\/wp\/v2\/users\/1"}],"replies":[{"embeddable":true,"href":"https:\/\/hcwo.be\/index.php?rest_route=%2Fwp%2Fv2%2Fcomments&post=1011"}],"version-history":[{"count":10,"href":"https:\/\/hcwo.be\/index.php?rest_route=\/wp\/v2\/pages\/1011\/revisions"}],"predecessor-version":[{"id":1090,"href":"https:\/\/hcwo.be\/index.php?rest_route=\/wp\/v2\/pages\/1011\/revisions\/1090"}],"wp:attachment":[{"href":"https:\/\/hcwo.be\/index.php?rest_route=%2Fwp%2Fv2%2Fmedia&parent=1011"}],"curies":[{"name":"wp","href":"https:\/\/api.w.org\/{rel}","templated":true}]}}